{"id":694,"date":"2018-09-01T11:47:53","date_gmt":"2018-09-01T14:47:53","guid":{"rendered":"http:\/\/agrestefotostudio.com.br\/blog\/?page_id=694"},"modified":"2018-10-25T00:33:13","modified_gmt":"2018-10-25T02:33:13","slug":"aonde-estamos","status":"publish","type":"page","link":"https:\/\/agrestefotostudio.com.br\/blog\/aonde-estamos\/","title":{"rendered":"Onde Estamos"},"content":{"rendered":"\t\t<div data-elementor-type=\"wp-post\" data-elementor-id=\"694\" class=\"elementor elementor-694 elementor-bc-flex-widget\">\n\t\t\t\t\t\t<section class=\"elementor-section elementor-top-section elementor-element elementor-element-b3c0939 elementor-section-boxed elementor-section-height-default elementor-section-height-default\" data-id=\"b3c0939\" data-element_type=\"section\">\n\t\t\t\t\t\t<div class=\"elementor-container elementor-column-gap-default\">\n\t\t\t\t\t<div class=\"elementor-column elementor-col-100 elementor-top-column elementor-element elementor-element-0eb45ad\" data-id=\"0eb45ad\" data-element_type=\"column\">\n\t\t\t<div class=\"elementor-widget-wrap elementor-element-populated\">\n\t\t\t\t\t\t<div class=\"elementor-element elementor-element-515cad4 elementor-widget elementor-widget-image-carousel\" data-id=\"515cad4\" data-element_type=\"widget\" data-settings=\"{&quot;slides_to_show&quot;:&quot;1&quot;,&quot;navigation&quot;:&quot;none&quot;,&quot;pause_on_hover&quot;:&quot;no&quot;,&quot;autoplay_speed&quot;:2000,&quot;effect&quot;:&quot;fade&quot;,&quot;speed&quot;:2000,&quot;autoplay&quot;:&quot;yes&quot;,&quot;pause_on_interaction&quot;:&quot;yes&quot;,&quot;infinite&quot;:&quot;yes&quot;}\" data-widget_type=\"image-carousel.default\">\n\t\t\t\t<div class=\"elementor-widget-container\">\n\t\t\t\t\t\t\t<div class=\"elementor-image-carousel-wrapper swiper\" role=\"region\" aria-roledescription=\"carousel\" aria-label=\"Carrossel de imagens\" dir=\"ltr\">\n\t\t\t<div class=\"elementor-image-carousel swiper-wrapper swiper-image-stretch\" aria-live=\"off\">\n\t\t\t\t\t\t\t\t<div class=\"swiper-slide\" role=\"group\" aria-roledescription=\"slide\" aria-label=\"1 de 2\"><figure class=\"swiper-slide-inner\"><img decoding=\"async\" class=\"swiper-slide-image\" src=\"http:\/\/agrestefotostudio.com.br\/blog\/wp-content\/uploads\/2018\/09\/onde-2.jpg\" alt=\"\" \/><\/figure><\/div><div class=\"swiper-slide\" role=\"group\" aria-roledescription=\"slide\" aria-label=\"2 de 2\"><figure class=\"swiper-slide-inner\"><img decoding=\"async\" class=\"swiper-slide-image\" src=\"http:\/\/agrestefotostudio.com.br\/blog\/wp-content\/uploads\/2018\/09\/onde-estamos-1.jpg\" alt=\"\" \/><\/figure><\/div>\t\t\t<\/div>\n\t\t\t\t\t\t\t\n\t\t\t\t\t\t\t\t\t<\/div>\n\t\t\t\t\t\t<\/div>\n\t\t\t\t<\/div>\n\t\t\t\t<div class=\"elementor-element elementor-element-b0e4d35 elementor-widget elementor-widget-image-carousel\" data-id=\"b0e4d35\" data-element_type=\"widget\" data-settings=\"{&quot;slides_to_show&quot;:&quot;1&quot;,&quot;navigation&quot;:&quot;none&quot;,&quot;pause_on_hover&quot;:&quot;no&quot;,&quot;autoplay_speed&quot;:2000,&quot;effect&quot;:&quot;fade&quot;,&quot;speed&quot;:2500,&quot;autoplay&quot;:&quot;yes&quot;,&quot;pause_on_interaction&quot;:&quot;yes&quot;,&quot;infinite&quot;:&quot;yes&quot;}\" data-widget_type=\"image-carousel.default\">\n\t\t\t\t<div class=\"elementor-widget-container\">\n\t\t\t\t\t\t\t<div class=\"elementor-image-carousel-wrapper swiper\" role=\"region\" aria-roledescription=\"carousel\" aria-label=\"Carrossel de imagens\" dir=\"ltr\">\n\t\t\t<div class=\"elementor-image-carousel swiper-wrapper\" aria-live=\"off\">\n\t\t\t\t\t\t\t\t<div class=\"swiper-slide\" role=\"group\" aria-roledescription=\"slide\" aria-label=\"1 de 2\"><figure class=\"swiper-slide-inner\"><img decoding=\"async\" class=\"swiper-slide-image\" src=\"https:\/\/agrestefotostudio.com.br\/blog\/wp-content\/uploads\/2018\/10\/onde-estamos-2.jpg\" alt=\"Foto: H\u00e9lio Motta\" \/><\/figure><\/div><div class=\"swiper-slide\" role=\"group\" aria-roledescription=\"slide\" aria-label=\"2 de 2\"><figure class=\"swiper-slide-inner\"><img decoding=\"async\" class=\"swiper-slide-image\" src=\"https:\/\/agrestefotostudio.com.br\/blog\/wp-content\/uploads\/2018\/10\/onde-estamos-1.jpg\" alt=\"Foto: H\u00e9lio Motta\" \/><\/figure><\/div>\t\t\t<\/div>\n\t\t\t\t\t\t\t\n\t\t\t\t\t\t\t\t\t<\/div>\n\t\t\t\t\t\t<\/div>\n\t\t\t\t<\/div>\n\t\t\t\t\t<\/div>\n\t\t<\/div>\n\t\t\t\t\t<\/div>\n\t\t<\/section>\n\t\t\t\t<section class=\"elementor-section elementor-top-section elementor-element elementor-element-86baef7 elementor-section-height-min-height elementor-section-boxed elementor-section-height-default elementor-section-items-middle\" data-id=\"86baef7\" data-element_type=\"section\">\n\t\t\t\t\t\t<div class=\"elementor-container elementor-column-gap-narrow\">\n\t\t\t\t\t<div class=\"elementor-column elementor-col-33 elementor-top-column elementor-element elementor-element-a404b40\" data-id=\"a404b40\" data-element_type=\"column\">\n\t\t\t<div class=\"elementor-widget-wrap elementor-element-populated\">\n\t\t\t\t\t\t<div class=\"elementor-element elementor-element-6635188 elementor-invisible elementor-widget elementor-widget-image\" data-id=\"6635188\" data-element_type=\"widget\" data-settings=\"{&quot;_animation&quot;:&quot;fadeIn&quot;}\" data-widget_type=\"image.default\">\n\t\t\t\t<div class=\"elementor-widget-container\">\n\t\t\t\t\t\t\t\t\t\t\t\t<figure class=\"wp-caption\">\n\t\t\t\t\t\t\t\t\t\t<img decoding=\"async\" width=\"300\" height=\"126\" src=\"https:\/\/agrestefotostudio.com.br\/blog\/wp-content\/uploads\/2018\/09\/logo-fsc-300x126.jpg\" class=\"attachment-medium size-medium wp-image-740\" alt=\"\" srcset=\"https:\/\/agrestefotostudio.com.br\/blog\/wp-content\/uploads\/2018\/09\/logo-fsc-300x126.jpg 300w, https:\/\/agrestefotostudio.com.br\/blog\/wp-content\/uploads\/2018\/09\/logo-fsc-768x323.jpg 768w, https:\/\/agrestefotostudio.com.br\/blog\/wp-content\/uploads\/2018\/09\/logo-fsc-1024x430.jpg 1024w, https:\/\/agrestefotostudio.com.br\/blog\/wp-content\/uploads\/2018\/09\/logo-fsc.jpg 1344w\" sizes=\"(max-width: 300px) 100vw, 300px\" \/>\t\t\t\t\t\t\t\t\t\t\t<figcaption class=\"widget-image-caption wp-caption-text\">Campo de S\u00e3o Crist\u00f3v\u00e3o S\/N - Bairro de S\u00e3o Crist\u00f3v\u00e3o - Rio de Janeiro | RJ<\/figcaption>\n\t\t\t\t\t\t\t\t\t\t<\/figure>\n\t\t\t\t\t\t\t\t\t<\/div>\n\t\t\t\t<\/div>\n\t\t\t\t\t<\/div>\n\t\t<\/div>\n\t\t\t\t<div class=\"elementor-column elementor-col-66 elementor-top-column elementor-element elementor-element-230e822\" data-id=\"230e822\" data-element_type=\"column\">\n\t\t\t<div class=\"elementor-widget-wrap elementor-element-populated\">\n\t\t\t\t\t\t<div class=\"elementor-element elementor-element-6b187e4 elementor-drop-cap-yes elementor-drop-cap-view-default elementor-invisible elementor-widget elementor-widget-text-editor\" data-id=\"6b187e4\" data-element_type=\"widget\" data-settings=\"{&quot;drop_cap&quot;:&quot;yes&quot;,&quot;_animation&quot;:&quot;fadeIn&quot;}\" data-widget_type=\"text-editor.default\">\n\t\t\t\t<div class=\"elementor-widget-container\">\n\t\t\t\t\t\t\t\t\t<h3 style=\"text-align: justify;\">\u00a0\u00a0\u00a0\u00a0 Os melhores motivos o levam \u00e0 Feira de S\u00e3o Crist\u00f3v\u00e3o, local que \u00e9 sin\u00f4nimo de gastronomia, al\u00e9m, claro, de todas as suas atra\u00e7\u00f5es, shows, seguran\u00e7a, amplos estacionamentos e mais de 500 lojas com uma imensa variedade de produtos e servi\u00e7os. Estes, somados a sua localiza\u00e7\u00e3o privilegiada, no bairro de S\u00e3o Crist\u00f3v\u00e3o, a torna um dos pontos tur\u00edsticos mais visitados da cidade do Rio de Janeiro.<\/h3>\t\t\t\t\t\t\t\t<\/div>\n\t\t\t\t<\/div>\n\t\t\t\t\t<\/div>\n\t\t<\/div>\n\t\t\t\t\t<\/div>\n\t\t<\/section>\n\t\t\t\t<section class=\"elementor-section elementor-top-section elementor-element elementor-element-f941ca6 elementor-section-boxed elementor-section-height-default elementor-section-height-default\" data-id=\"f941ca6\" data-element_type=\"section\">\n\t\t\t\t\t\t<div class=\"elementor-container elementor-column-gap-default\">\n\t\t\t\t\t<div class=\"elementor-column elementor-col-100 elementor-top-column elementor-element elementor-element-c214657\" data-id=\"c214657\" data-element_type=\"column\">\n\t\t\t<div class=\"elementor-widget-wrap elementor-element-populated\">\n\t\t\t\t\t\t<div class=\"elementor-element elementor-element-8c07ab6 elementor-invisible elementor-widget elementor-widget-image\" data-id=\"8c07ab6\" data-element_type=\"widget\" data-settings=\"{&quot;_animation&quot;:&quot;pulse&quot;}\" data-widget_type=\"image.default\">\n\t\t\t\t<div class=\"elementor-widget-container\">\n\t\t\t\t\t\t\t\t\t\t\t\t\t\t\t<img fetchpriority=\"high\" decoding=\"async\" width=\"1947\" height=\"1653\" src=\"https:\/\/agrestefotostudio.com.br\/blog\/wp-content\/uploads\/2018\/09\/mapa-agreste-foto-studio.jpg\" class=\"attachment-full size-full wp-image-753\" alt=\"\" srcset=\"https:\/\/agrestefotostudio.com.br\/blog\/wp-content\/uploads\/2018\/09\/mapa-agreste-foto-studio.jpg 1947w, https:\/\/agrestefotostudio.com.br\/blog\/wp-content\/uploads\/2018\/09\/mapa-agreste-foto-studio-300x255.jpg 300w, https:\/\/agrestefotostudio.com.br\/blog\/wp-content\/uploads\/2018\/09\/mapa-agreste-foto-studio-768x652.jpg 768w, https:\/\/agrestefotostudio.com.br\/blog\/wp-content\/uploads\/2018\/09\/mapa-agreste-foto-studio-1024x869.jpg 1024w\" sizes=\"(max-width: 1947px) 100vw, 1947px\" \/>\t\t\t\t\t\t\t\t\t\t\t\t\t\t\t<\/div>\n\t\t\t\t<\/div>\n\t\t\t\t\t<\/div>\n\t\t<\/div>\n\t\t\t\t\t<\/div>\n\t\t<\/section>\n\t\t\t\t<section class=\"elementor-section elementor-top-section elementor-element elementor-element-dbc2aa7 elementor-section-boxed elementor-section-height-default elementor-section-height-default\" data-id=\"dbc2aa7\" data-element_type=\"section\">\n\t\t\t\t\t\t<div class=\"elementor-container elementor-column-gap-default\">\n\t\t\t\t\t<div class=\"elementor-column elementor-col-100 elementor-top-column elementor-element elementor-element-49a08d6\" data-id=\"49a08d6\" data-element_type=\"column\">\n\t\t\t<div class=\"elementor-widget-wrap elementor-element-populated\">\n\t\t\t\t\t\t<div class=\"elementor-element elementor-element-46faaa0 elementor-widget elementor-widget-google_maps\" data-id=\"46faaa0\" data-element_type=\"widget\" data-widget_type=\"google_maps.default\">\n\t\t\t\t<div class=\"elementor-widget-container\">\n\t\t\t\t\t\t\t<div class=\"elementor-custom-embed\">\n\t\t\t<iframe loading=\"lazy\"\n\t\t\t\t\tsrc=\"https:\/\/maps.google.com\/maps?q=feira%20de%20s%C3%A3o%20crist%C3%B3v%C3%A3o&#038;t=m&#038;z=16&#038;output=embed&#038;iwloc=near\"\n\t\t\t\t\ttitle=\"feira de s\u00e3o crist\u00f3v\u00e3o\"\n\t\t\t\t\taria-label=\"feira de s\u00e3o crist\u00f3v\u00e3o\"\n\t\t\t><\/iframe>\n\t\t<\/div>\n\t\t\t\t\t\t<\/div>\n\t\t\t\t<\/div>\n\t\t\t\t\t<\/div>\n\t\t<\/div>\n\t\t\t\t\t<\/div>\n\t\t<\/section>\n\t\t\t\t<\/div>\n\t\t","protected":false},"excerpt":{"rendered":"<p>Campo de S\u00e3o Crist\u00f3v\u00e3o S\/N &#8211; Bairro de S\u00e3o Crist\u00f3v\u00e3o &#8211; Rio de Janeiro | RJ \u00a0\u00a0\u00a0\u00a0 Os melhores motivos&hellip;<\/p>\n","protected":false},"author":1,"featured_media":0,"parent":0,"menu_order":0,"comment_status":"closed","ping_status":"closed","template":"","meta":{"footnotes":""},"class_list":["post-694","page","type-page","status-publish","hentry"],"yoast_head":"<!-- This site is optimized with the Yoast SEO plugin v25.6 - https:\/\/yoast.com\/wordpress\/plugins\/seo\/ -->\n<title>Onde Estamos -<\/title>\n<meta name=\"robots\" content=\"index, follow, max-snippet:-1, max-image-preview:large, max-video-preview:-1\" \/>\n<link rel=\"canonical\" href=\"https:\/\/agrestefotostudio.com.br\/blog\/aonde-estamos\/\" \/>\n<meta property=\"og:locale\" content=\"pt_BR\" \/>\n<meta property=\"og:type\" content=\"article\" \/>\n<meta property=\"og:title\" content=\"Onde Estamos -\" \/>\n<meta property=\"og:description\" content=\"Campo de S\u00e3o Crist\u00f3v\u00e3o S\/N &#8211; Bairro de S\u00e3o Crist\u00f3v\u00e3o &#8211; Rio de Janeiro | RJ \u00a0\u00a0\u00a0\u00a0 Os melhores motivos&hellip;\" \/>\n<meta property=\"og:url\" content=\"https:\/\/agrestefotostudio.com.br\/blog\/aonde-estamos\/\" \/>\n<meta property=\"article:publisher\" content=\"https:\/\/www.facebook.com\/agrestefotostudio\" \/>\n<meta property=\"article:modified_time\" content=\"2018-10-25T02:33:13+00:00\" \/>\n<meta property=\"og:image\" content=\"http:\/\/agrestefotostudio.com.br\/blog\/wp-content\/uploads\/2018\/10\/onde-estamos-2.jpg\" \/>\n<meta name=\"twitter:card\" content=\"summary_large_image\" \/>\n<meta name=\"twitter:site\" content=\"@agreste_studio\" \/>\n<script type=\"application\/ld+json\" class=\"yoast-schema-graph\">{\"@context\":\"https:\/\/schema.org\",\"@graph\":[{\"@type\":\"WebPage\",\"@id\":\"https:\/\/agrestefotostudio.com.br\/blog\/aonde-estamos\/\",\"url\":\"https:\/\/agrestefotostudio.com.br\/blog\/aonde-estamos\/\",\"name\":\"Onde Estamos -\",\"isPartOf\":{\"@id\":\"https:\/\/agrestefotostudio.com.br\/blog\/#website\"},\"primaryImageOfPage\":{\"@id\":\"https:\/\/agrestefotostudio.com.br\/blog\/aonde-estamos\/#primaryimage\"},\"image\":{\"@id\":\"https:\/\/agrestefotostudio.com.br\/blog\/aonde-estamos\/#primaryimage\"},\"thumbnailUrl\":\"http:\/\/agrestefotostudio.com.br\/blog\/wp-content\/uploads\/2018\/10\/onde-estamos-2.jpg\",\"datePublished\":\"2018-09-01T14:47:53+00:00\",\"dateModified\":\"2018-10-25T02:33:13+00:00\",\"breadcrumb\":{\"@id\":\"https:\/\/agrestefotostudio.com.br\/blog\/aonde-estamos\/#breadcrumb\"},\"inLanguage\":\"pt-BR\",\"potentialAction\":[{\"@type\":\"ReadAction\",\"target\":[\"https:\/\/agrestefotostudio.com.br\/blog\/aonde-estamos\/\"]}]},{\"@type\":\"ImageObject\",\"inLanguage\":\"pt-BR\",\"@id\":\"https:\/\/agrestefotostudio.com.br\/blog\/aonde-estamos\/#primaryimage\",\"url\":\"https:\/\/agrestefotostudio.com.br\/blog\/wp-content\/uploads\/2018\/10\/onde-estamos-2.jpg\",\"contentUrl\":\"https:\/\/agrestefotostudio.com.br\/blog\/wp-content\/uploads\/2018\/10\/onde-estamos-2.jpg\",\"width\":1300,\"height\":451,\"caption\":\"Foto: H\u00e9lio Motta\"},{\"@type\":\"BreadcrumbList\",\"@id\":\"https:\/\/agrestefotostudio.com.br\/blog\/aonde-estamos\/#breadcrumb\",\"itemListElement\":[{\"@type\":\"ListItem\",\"position\":1,\"name\":\"In\u00edcio\",\"item\":\"https:\/\/agrestefotostudio.com.br\/blog\/\"},{\"@type\":\"ListItem\",\"position\":2,\"name\":\"Onde Estamos\"}]},{\"@type\":\"WebSite\",\"@id\":\"https:\/\/agrestefotostudio.com.br\/blog\/#website\",\"url\":\"https:\/\/agrestefotostudio.com.br\/blog\/\",\"name\":\"Agreste Foto & Studio\",\"description\":\"A sua lembran\u00e7a mais divertida da Feira de S\u00e3o Crist\u00f3v\u00e3o\",\"publisher\":{\"@id\":\"https:\/\/agrestefotostudio.com.br\/blog\/#organization\"},\"potentialAction\":[{\"@type\":\"SearchAction\",\"target\":{\"@type\":\"EntryPoint\",\"urlTemplate\":\"https:\/\/agrestefotostudio.com.br\/blog\/?s={search_term_string}\"},\"query-input\":{\"@type\":\"PropertyValueSpecification\",\"valueRequired\":true,\"valueName\":\"search_term_string\"}}],\"inLanguage\":\"pt-BR\"},{\"@type\":\"Organization\",\"@id\":\"https:\/\/agrestefotostudio.com.br\/blog\/#organization\",\"name\":\"Agreste Foto & Studio\",\"url\":\"https:\/\/agrestefotostudio.com.br\/blog\/\",\"logo\":{\"@type\":\"ImageObject\",\"inLanguage\":\"pt-BR\",\"@id\":\"https:\/\/agrestefotostudio.com.br\/blog\/#\/schema\/logo\/image\/\",\"url\":\"http:\/\/agrestefotostudio.com.br\/blog\/wp-content\/uploads\/2017\/07\/Logo-e1534389219888.png\",\"contentUrl\":\"http:\/\/agrestefotostudio.com.br\/blog\/wp-content\/uploads\/2017\/07\/Logo-e1534389219888.png\",\"width\":450,\"height\":131,\"caption\":\"Agreste Foto & Studio\"},\"image\":{\"@id\":\"https:\/\/agrestefotostudio.com.br\/blog\/#\/schema\/logo\/image\/\"},\"sameAs\":[\"https:\/\/www.facebook.com\/agrestefotostudio\",\"https:\/\/x.com\/agreste_studio\",\"https:\/\/www.instagram.com\/agreste_foto_studio\/\"]}]}<\/script>\n<!-- \/ Yoast SEO plugin. -->","yoast_head_json":{"title":"Onde Estamos -","robots":{"index":"index","follow":"follow","max-snippet":"max-snippet:-1","max-image-preview":"max-image-preview:large","max-video-preview":"max-video-preview:-1"},"canonical":"https:\/\/agrestefotostudio.com.br\/blog\/aonde-estamos\/","og_locale":"pt_BR","og_type":"article","og_title":"Onde Estamos -","og_description":"Campo de S\u00e3o Crist\u00f3v\u00e3o S\/N &#8211; Bairro de S\u00e3o Crist\u00f3v\u00e3o &#8211; Rio de Janeiro | RJ \u00a0\u00a0\u00a0\u00a0 Os melhores motivos&hellip;","og_url":"https:\/\/agrestefotostudio.com.br\/blog\/aonde-estamos\/","article_publisher":"https:\/\/www.facebook.com\/agrestefotostudio","article_modified_time":"2018-10-25T02:33:13+00:00","og_image":[{"url":"http:\/\/agrestefotostudio.com.br\/blog\/wp-content\/uploads\/2018\/10\/onde-estamos-2.jpg","type":"","width":"","height":""}],"twitter_card":"summary_large_image","twitter_site":"@agreste_studio","schema":{"@context":"https:\/\/schema.org","@graph":[{"@type":"WebPage","@id":"https:\/\/agrestefotostudio.com.br\/blog\/aonde-estamos\/","url":"https:\/\/agrestefotostudio.com.br\/blog\/aonde-estamos\/","name":"Onde Estamos -","isPartOf":{"@id":"https:\/\/agrestefotostudio.com.br\/blog\/#website"},"primaryImageOfPage":{"@id":"https:\/\/agrestefotostudio.com.br\/blog\/aonde-estamos\/#primaryimage"},"image":{"@id":"https:\/\/agrestefotostudio.com.br\/blog\/aonde-estamos\/#primaryimage"},"thumbnailUrl":"http:\/\/agrestefotostudio.com.br\/blog\/wp-content\/uploads\/2018\/10\/onde-estamos-2.jpg","datePublished":"2018-09-01T14:47:53+00:00","dateModified":"2018-10-25T02:33:13+00:00","breadcrumb":{"@id":"https:\/\/agrestefotostudio.com.br\/blog\/aonde-estamos\/#breadcrumb"},"inLanguage":"pt-BR","potentialAction":[{"@type":"ReadAction","target":["https:\/\/agrestefotostudio.com.br\/blog\/aonde-estamos\/"]}]},{"@type":"ImageObject","inLanguage":"pt-BR","@id":"https:\/\/agrestefotostudio.com.br\/blog\/aonde-estamos\/#primaryimage","url":"https:\/\/agrestefotostudio.com.br\/blog\/wp-content\/uploads\/2018\/10\/onde-estamos-2.jpg","contentUrl":"https:\/\/agrestefotostudio.com.br\/blog\/wp-content\/uploads\/2018\/10\/onde-estamos-2.jpg","width":1300,"height":451,"caption":"Foto: H\u00e9lio Motta"},{"@type":"BreadcrumbList","@id":"https:\/\/agrestefotostudio.com.br\/blog\/aonde-estamos\/#breadcrumb","itemListElement":[{"@type":"ListItem","position":1,"name":"In\u00edcio","item":"https:\/\/agrestefotostudio.com.br\/blog\/"},{"@type":"ListItem","position":2,"name":"Onde Estamos"}]},{"@type":"WebSite","@id":"https:\/\/agrestefotostudio.com.br\/blog\/#website","url":"https:\/\/agrestefotostudio.com.br\/blog\/","name":"Agreste Foto & Studio","description":"A sua lembran\u00e7a mais divertida da Feira de S\u00e3o Crist\u00f3v\u00e3o","publisher":{"@id":"https:\/\/agrestefotostudio.com.br\/blog\/#organization"},"potentialAction":[{"@type":"SearchAction","target":{"@type":"EntryPoint","urlTemplate":"https:\/\/agrestefotostudio.com.br\/blog\/?s={search_term_string}"},"query-input":{"@type":"PropertyValueSpecification","valueRequired":true,"valueName":"search_term_string"}}],"inLanguage":"pt-BR"},{"@type":"Organization","@id":"https:\/\/agrestefotostudio.com.br\/blog\/#organization","name":"Agreste Foto & Studio","url":"https:\/\/agrestefotostudio.com.br\/blog\/","logo":{"@type":"ImageObject","inLanguage":"pt-BR","@id":"https:\/\/agrestefotostudio.com.br\/blog\/#\/schema\/logo\/image\/","url":"http:\/\/agrestefotostudio.com.br\/blog\/wp-content\/uploads\/2017\/07\/Logo-e1534389219888.png","contentUrl":"http:\/\/agrestefotostudio.com.br\/blog\/wp-content\/uploads\/2017\/07\/Logo-e1534389219888.png","width":450,"height":131,"caption":"Agreste Foto & Studio"},"image":{"@id":"https:\/\/agrestefotostudio.com.br\/blog\/#\/schema\/logo\/image\/"},"sameAs":["https:\/\/www.facebook.com\/agrestefotostudio","https:\/\/x.com\/agreste_studio","https:\/\/www.instagram.com\/agreste_foto_studio\/"]}]}},"_links":{"self":[{"href":"https:\/\/agrestefotostudio.com.br\/blog\/wp-json\/wp\/v2\/pages\/694","targetHints":{"allow":["GET"]}}],"collection":[{"href":"https:\/\/agrestefotostudio.com.br\/blog\/wp-json\/wp\/v2\/pages"}],"about":[{"href":"https:\/\/agrestefotostudio.com.br\/blog\/wp-json\/wp\/v2\/types\/page"}],"author":[{"embeddable":true,"href":"https:\/\/agrestefotostudio.com.br\/blog\/wp-json\/wp\/v2\/users\/1"}],"replies":[{"embeddable":true,"href":"https:\/\/agrestefotostudio.com.br\/blog\/wp-json\/wp\/v2\/comments?post=694"}],"version-history":[{"count":27,"href":"https:\/\/agrestefotostudio.com.br\/blog\/wp-json\/wp\/v2\/pages\/694\/revisions"}],"predecessor-version":[{"id":960,"href":"https:\/\/agrestefotostudio.com.br\/blog\/wp-json\/wp\/v2\/pages\/694\/revisions\/960"}],"wp:attachment":[{"href":"https:\/\/agrestefotostudio.com.br\/blog\/wp-json\/wp\/v2\/media?parent=694"}],"curies":[{"name":"wp","href":"https:\/\/api.w.org\/{rel}","templated":true}]}}