{"id":696,"date":"2018-09-01T11:48:16","date_gmt":"2018-09-01T14:48:16","guid":{"rendered":"http:\/\/agrestefotostudio.com.br\/blog\/?page_id=696"},"modified":"2018-10-02T04:25:43","modified_gmt":"2018-10-02T07:25:43","slug":"compartilhe","status":"publish","type":"page","link":"https:\/\/agrestefotostudio.com.br\/blog\/compartilhe\/","title":{"rendered":"Compartilhe"},"content":{"rendered":"\t\t<div data-elementor-type=\"wp-post\" data-elementor-id=\"696\" class=\"elementor elementor-696 elementor-bc-flex-widget\">\n\t\t\t\t\t\t<section class=\"elementor-section elementor-top-section elementor-element elementor-element-f7598b0 elementor-section-boxed elementor-section-height-default elementor-section-height-default\" data-id=\"f7598b0\" data-element_type=\"section\">\n\t\t\t\t\t\t<div class=\"elementor-container elementor-column-gap-default\">\n\t\t\t\t\t<div class=\"elementor-column elementor-col-50 elementor-top-column elementor-element elementor-element-29669c2\" data-id=\"29669c2\" data-element_type=\"column\">\n\t\t\t<div class=\"elementor-widget-wrap elementor-element-populated\">\n\t\t\t\t\t\t<div class=\"elementor-element elementor-element-984ca56 animated-slow elementor-invisible elementor-widget elementor-widget-image\" data-id=\"984ca56\" data-element_type=\"widget\" data-settings=\"{&quot;_animation&quot;:&quot;bounceIn&quot;}\" data-widget_type=\"image.default\">\n\t\t\t\t<div class=\"elementor-widget-container\">\n\t\t\t\t\t\t\t\t\t\t\t\t\t\t\t<img fetchpriority=\"high\" decoding=\"async\" width=\"1152\" height=\"281\" src=\"https:\/\/agrestefotostudio.com.br\/blog\/wp-content\/uploads\/2018\/10\/titulo-vamos-compartilhar.png\" class=\"attachment-full size-full wp-image-811\" alt=\"\" srcset=\"https:\/\/agrestefotostudio.com.br\/blog\/wp-content\/uploads\/2018\/10\/titulo-vamos-compartilhar.png 1152w, https:\/\/agrestefotostudio.com.br\/blog\/wp-content\/uploads\/2018\/10\/titulo-vamos-compartilhar-300x73.png 300w, https:\/\/agrestefotostudio.com.br\/blog\/wp-content\/uploads\/2018\/10\/titulo-vamos-compartilhar-768x187.png 768w, https:\/\/agrestefotostudio.com.br\/blog\/wp-content\/uploads\/2018\/10\/titulo-vamos-compartilhar-1024x250.png 1024w\" sizes=\"(max-width: 1152px) 100vw, 1152px\" \/>\t\t\t\t\t\t\t\t\t\t\t\t\t\t\t<\/div>\n\t\t\t\t<\/div>\n\t\t\t\t\t<\/div>\n\t\t<\/div>\n\t\t\t\t<div class=\"elementor-column elementor-col-50 elementor-top-column elementor-element elementor-element-aca4fbf\" data-id=\"aca4fbf\" data-element_type=\"column\">\n\t\t\t<div class=\"elementor-widget-wrap elementor-element-populated\">\n\t\t\t\t\t\t<div class=\"elementor-element elementor-element-f7c7724 animated-slow elementor-invisible elementor-widget elementor-widget-image\" data-id=\"f7c7724\" data-element_type=\"widget\" data-settings=\"{&quot;_animation&quot;:&quot;wobble&quot;}\" data-widget_type=\"image.default\">\n\t\t\t\t<div class=\"elementor-widget-container\">\n\t\t\t\t\t\t\t\t\t\t\t\t\t\t\t<img decoding=\"async\" width=\"536\" height=\"481\" src=\"https:\/\/agrestefotostudio.com.br\/blog\/wp-content\/uploads\/2018\/10\/img-compartilhar.png\" class=\"attachment-full size-full wp-image-813\" alt=\"\" srcset=\"https:\/\/agrestefotostudio.com.br\/blog\/wp-content\/uploads\/2018\/10\/img-compartilhar.png 536w, https:\/\/agrestefotostudio.com.br\/blog\/wp-content\/uploads\/2018\/10\/img-compartilhar-300x269.png 300w\" sizes=\"(max-width: 536px) 100vw, 536px\" \/>\t\t\t\t\t\t\t\t\t\t\t\t\t\t\t<\/div>\n\t\t\t\t<\/div>\n\t\t\t\t\t<\/div>\n\t\t<\/div>\n\t\t\t\t\t<\/div>\n\t\t<\/section>\n\t\t\t\t<section class=\"elementor-section elementor-top-section elementor-element elementor-element-14d001e elementor-section-boxed elementor-section-height-default elementor-section-height-default\" data-id=\"14d001e\" data-element_type=\"section\">\n\t\t\t\t\t\t<div class=\"elementor-container elementor-column-gap-default\">\n\t\t\t\t\t<div class=\"elementor-column elementor-col-50 elementor-top-column elementor-element elementor-element-a68104d\" data-id=\"a68104d\" data-element_type=\"column\">\n\t\t\t<div class=\"elementor-widget-wrap elementor-element-populated\">\n\t\t\t\t\t\t<div class=\"elementor-element elementor-element-00e2879 animated-slow elementor-invisible elementor-widget elementor-widget-image\" data-id=\"00e2879\" data-element_type=\"widget\" data-settings=\"{&quot;_animation&quot;:&quot;slideInDown&quot;}\" data-widget_type=\"image.default\">\n\t\t\t\t<div class=\"elementor-widget-container\">\n\t\t\t\t\t\t\t\t\t\t\t\t\t\t\t<img decoding=\"async\" width=\"416\" height=\"500\" src=\"https:\/\/agrestefotostudio.com.br\/blog\/wp-content\/uploads\/2018\/10\/figura-compartilhe.png\" class=\"attachment-full size-full wp-image-815\" alt=\"\" srcset=\"https:\/\/agrestefotostudio.com.br\/blog\/wp-content\/uploads\/2018\/10\/figura-compartilhe.png 416w, https:\/\/agrestefotostudio.com.br\/blog\/wp-content\/uploads\/2018\/10\/figura-compartilhe-250x300.png 250w\" sizes=\"(max-width: 416px) 100vw, 416px\" \/>\t\t\t\t\t\t\t\t\t\t\t\t\t\t\t<\/div>\n\t\t\t\t<\/div>\n\t\t\t\t\t<\/div>\n\t\t<\/div>\n\t\t\t\t<div class=\"elementor-column elementor-col-50 elementor-top-column elementor-element elementor-element-49228c8\" data-id=\"49228c8\" data-element_type=\"column\">\n\t\t\t<div class=\"elementor-widget-wrap elementor-element-populated\">\n\t\t\t\t\t\t<div class=\"elementor-element elementor-element-273a9e4 animated-slow elementor-invisible elementor-widget elementor-widget-image\" data-id=\"273a9e4\" data-element_type=\"widget\" data-settings=\"{&quot;_animation&quot;:&quot;fadeIn&quot;}\" data-widget_type=\"image.default\">\n\t\t\t\t<div class=\"elementor-widget-container\">\n\t\t\t\t\t\t\t\t\t\t\t\t\t\t\t<img loading=\"lazy\" decoding=\"async\" width=\"1161\" height=\"429\" src=\"https:\/\/agrestefotostudio.com.br\/blog\/wp-content\/uploads\/2018\/10\/txt-compartilhe.png\" class=\"attachment-full size-full wp-image-816\" alt=\"\" srcset=\"https:\/\/agrestefotostudio.com.br\/blog\/wp-content\/uploads\/2018\/10\/txt-compartilhe.png 1161w, https:\/\/agrestefotostudio.com.br\/blog\/wp-content\/uploads\/2018\/10\/txt-compartilhe-300x111.png 300w, https:\/\/agrestefotostudio.com.br\/blog\/wp-content\/uploads\/2018\/10\/txt-compartilhe-768x284.png 768w, https:\/\/agrestefotostudio.com.br\/blog\/wp-content\/uploads\/2018\/10\/txt-compartilhe-1024x378.png 1024w\" sizes=\"(max-width: 1161px) 100vw, 1161px\" \/>\t\t\t\t\t\t\t\t\t\t\t\t\t\t\t<\/div>\n\t\t\t\t<\/div>\n\t\t\t\t\t<\/div>\n\t\t<\/div>\n\t\t\t\t\t<\/div>\n\t\t<\/section>\n\t\t\t\t<section class=\"elementor-section elementor-top-section elementor-element elementor-element-affee9b elementor-section-boxed elementor-section-height-default elementor-section-height-default\" data-id=\"affee9b\" data-element_type=\"section\">\n\t\t\t\t\t\t<div class=\"elementor-container elementor-column-gap-default\">\n\t\t\t\t\t<div class=\"elementor-column elementor-col-100 elementor-top-column elementor-element elementor-element-1ce6e6e\" data-id=\"1ce6e6e\" data-element_type=\"column\">\n\t\t\t<div class=\"elementor-widget-wrap elementor-element-populated\">\n\t\t\t\t\t\t<div class=\"elementor-element elementor-element-ffca0d7 elementor-widget elementor-widget-spacer\" data-id=\"ffca0d7\" data-element_type=\"widget\" data-widget_type=\"spacer.default\">\n\t\t\t\t<div class=\"elementor-widget-container\">\n\t\t\t\t\t\t\t<div class=\"elementor-spacer\">\n\t\t\t<div class=\"elementor-spacer-inner\"><\/div>\n\t\t<\/div>\n\t\t\t\t\t\t<\/div>\n\t\t\t\t<\/div>\n\t\t\t\t<div class=\"elementor-element elementor-element-04c4ae9 elementor-view-stacked animated-slow elementor-shape-circle elementor-invisible elementor-widget elementor-widget-icon\" data-id=\"04c4ae9\" data-element_type=\"widget\" data-settings=\"{&quot;_animation&quot;:&quot;fadeInUp&quot;}\" data-widget_type=\"icon.default\">\n\t\t\t\t<div class=\"elementor-widget-container\">\n\t\t\t\t\t\t\t<div class=\"elementor-icon-wrapper\">\n\t\t\t<a class=\"elementor-icon\" href=\"https:\/\/www.facebook.com\/agrestefotostudio\" target=\"_blank\">\n\t\t\t\t\t\t\t<i class=\"fa fa-facebook-square\" aria-hidden=\"true\"><\/i>\n\t\t\t\t\t\t<\/a>\n\t\t<\/div>\n\t\t\t\t\t\t<\/div>\n\t\t\t\t<\/div>\n\t\t\t\t\t<\/div>\n\t\t<\/div>\n\t\t\t\t\t<\/div>\n\t\t<\/section>\n\t\t\t\t<\/div>\n\t\t","protected":false},"excerpt":{"rendered":"","protected":false},"author":1,"featured_media":0,"parent":0,"menu_order":0,"comment_status":"closed","ping_status":"closed","template":"","meta":{"footnotes":""},"class_list":["post-696","page","type-page","status-publish","hentry"],"yoast_head":"<!-- This site is optimized with the Yoast SEO plugin v25.6 - https:\/\/yoast.com\/wordpress\/plugins\/seo\/ -->\n<title>Compartilhe -<\/title>\n<meta name=\"robots\" content=\"index, follow, max-snippet:-1, max-image-preview:large, max-video-preview:-1\" \/>\n<link rel=\"canonical\" href=\"https:\/\/agrestefotostudio.com.br\/blog\/compartilhe\/\" \/>\n<meta property=\"og:locale\" content=\"pt_BR\" \/>\n<meta property=\"og:type\" content=\"article\" \/>\n<meta property=\"og:title\" content=\"Compartilhe -\" \/>\n<meta property=\"og:url\" content=\"https:\/\/agrestefotostudio.com.br\/blog\/compartilhe\/\" \/>\n<meta property=\"article:publisher\" content=\"https:\/\/www.facebook.com\/agrestefotostudio\" \/>\n<meta property=\"article:modified_time\" content=\"2018-10-02T07:25:43+00:00\" \/>\n<meta property=\"og:image\" content=\"http:\/\/agrestefotostudio.com.br\/blog\/wp-content\/uploads\/2018\/10\/titulo-vamos-compartilhar.png\" \/>\n<meta name=\"twitter:card\" content=\"summary_large_image\" \/>\n<meta name=\"twitter:site\" content=\"@agreste_studio\" \/>\n<script type=\"application\/ld+json\" class=\"yoast-schema-graph\">{\"@context\":\"https:\/\/schema.org\",\"@graph\":[{\"@type\":\"WebPage\",\"@id\":\"https:\/\/agrestefotostudio.com.br\/blog\/compartilhe\/\",\"url\":\"https:\/\/agrestefotostudio.com.br\/blog\/compartilhe\/\",\"name\":\"Compartilhe -\",\"isPartOf\":{\"@id\":\"https:\/\/agrestefotostudio.com.br\/blog\/#website\"},\"primaryImageOfPage\":{\"@id\":\"https:\/\/agrestefotostudio.com.br\/blog\/compartilhe\/#primaryimage\"},\"image\":{\"@id\":\"https:\/\/agrestefotostudio.com.br\/blog\/compartilhe\/#primaryimage\"},\"thumbnailUrl\":\"http:\/\/agrestefotostudio.com.br\/blog\/wp-content\/uploads\/2018\/10\/titulo-vamos-compartilhar.png\",\"datePublished\":\"2018-09-01T14:48:16+00:00\",\"dateModified\":\"2018-10-02T07:25:43+00:00\",\"breadcrumb\":{\"@id\":\"https:\/\/agrestefotostudio.com.br\/blog\/compartilhe\/#breadcrumb\"},\"inLanguage\":\"pt-BR\",\"potentialAction\":[{\"@type\":\"ReadAction\",\"target\":[\"https:\/\/agrestefotostudio.com.br\/blog\/compartilhe\/\"]}]},{\"@type\":\"ImageObject\",\"inLanguage\":\"pt-BR\",\"@id\":\"https:\/\/agrestefotostudio.com.br\/blog\/compartilhe\/#primaryimage\",\"url\":\"https:\/\/agrestefotostudio.com.br\/blog\/wp-content\/uploads\/2018\/10\/titulo-vamos-compartilhar.png\",\"contentUrl\":\"https:\/\/agrestefotostudio.com.br\/blog\/wp-content\/uploads\/2018\/10\/titulo-vamos-compartilhar.png\",\"width\":1152,\"height\":281},{\"@type\":\"BreadcrumbList\",\"@id\":\"https:\/\/agrestefotostudio.com.br\/blog\/compartilhe\/#breadcrumb\",\"itemListElement\":[{\"@type\":\"ListItem\",\"position\":1,\"name\":\"In\u00edcio\",\"item\":\"https:\/\/agrestefotostudio.com.br\/blog\/\"},{\"@type\":\"ListItem\",\"position\":2,\"name\":\"Compartilhe\"}]},{\"@type\":\"WebSite\",\"@id\":\"https:\/\/agrestefotostudio.com.br\/blog\/#website\",\"url\":\"https:\/\/agrestefotostudio.com.br\/blog\/\",\"name\":\"Agreste Foto & Studio\",\"description\":\"A sua lembran\u00e7a mais divertida da Feira de S\u00e3o Crist\u00f3v\u00e3o\",\"publisher\":{\"@id\":\"https:\/\/agrestefotostudio.com.br\/blog\/#organization\"},\"potentialAction\":[{\"@type\":\"SearchAction\",\"target\":{\"@type\":\"EntryPoint\",\"urlTemplate\":\"https:\/\/agrestefotostudio.com.br\/blog\/?s={search_term_string}\"},\"query-input\":{\"@type\":\"PropertyValueSpecification\",\"valueRequired\":true,\"valueName\":\"search_term_string\"}}],\"inLanguage\":\"pt-BR\"},{\"@type\":\"Organization\",\"@id\":\"https:\/\/agrestefotostudio.com.br\/blog\/#organization\",\"name\":\"Agreste Foto & Studio\",\"url\":\"https:\/\/agrestefotostudio.com.br\/blog\/\",\"logo\":{\"@type\":\"ImageObject\",\"inLanguage\":\"pt-BR\",\"@id\":\"https:\/\/agrestefotostudio.com.br\/blog\/#\/schema\/logo\/image\/\",\"url\":\"http:\/\/agrestefotostudio.com.br\/blog\/wp-content\/uploads\/2017\/07\/Logo-e1534389219888.png\",\"contentUrl\":\"http:\/\/agrestefotostudio.com.br\/blog\/wp-content\/uploads\/2017\/07\/Logo-e1534389219888.png\",\"width\":450,\"height\":131,\"caption\":\"Agreste Foto & Studio\"},\"image\":{\"@id\":\"https:\/\/agrestefotostudio.com.br\/blog\/#\/schema\/logo\/image\/\"},\"sameAs\":[\"https:\/\/www.facebook.com\/agrestefotostudio\",\"https:\/\/x.com\/agreste_studio\",\"https:\/\/www.instagram.com\/agreste_foto_studio\/\"]}]}<\/script>\n<!-- \/ Yoast SEO plugin. -->","yoast_head_json":{"title":"Compartilhe -","robots":{"index":"index","follow":"follow","max-snippet":"max-snippet:-1","max-image-preview":"max-image-preview:large","max-video-preview":"max-video-preview:-1"},"canonical":"https:\/\/agrestefotostudio.com.br\/blog\/compartilhe\/","og_locale":"pt_BR","og_type":"article","og_title":"Compartilhe -","og_url":"https:\/\/agrestefotostudio.com.br\/blog\/compartilhe\/","article_publisher":"https:\/\/www.facebook.com\/agrestefotostudio","article_modified_time":"2018-10-02T07:25:43+00:00","og_image":[{"url":"http:\/\/agrestefotostudio.com.br\/blog\/wp-content\/uploads\/2018\/10\/titulo-vamos-compartilhar.png","type":"","width":"","height":""}],"twitter_card":"summary_large_image","twitter_site":"@agreste_studio","schema":{"@context":"https:\/\/schema.org","@graph":[{"@type":"WebPage","@id":"https:\/\/agrestefotostudio.com.br\/blog\/compartilhe\/","url":"https:\/\/agrestefotostudio.com.br\/blog\/compartilhe\/","name":"Compartilhe -","isPartOf":{"@id":"https:\/\/agrestefotostudio.com.br\/blog\/#website"},"primaryImageOfPage":{"@id":"https:\/\/agrestefotostudio.com.br\/blog\/compartilhe\/#primaryimage"},"image":{"@id":"https:\/\/agrestefotostudio.com.br\/blog\/compartilhe\/#primaryimage"},"thumbnailUrl":"http:\/\/agrestefotostudio.com.br\/blog\/wp-content\/uploads\/2018\/10\/titulo-vamos-compartilhar.png","datePublished":"2018-09-01T14:48:16+00:00","dateModified":"2018-10-02T07:25:43+00:00","breadcrumb":{"@id":"https:\/\/agrestefotostudio.com.br\/blog\/compartilhe\/#breadcrumb"},"inLanguage":"pt-BR","potentialAction":[{"@type":"ReadAction","target":["https:\/\/agrestefotostudio.com.br\/blog\/compartilhe\/"]}]},{"@type":"ImageObject","inLanguage":"pt-BR","@id":"https:\/\/agrestefotostudio.com.br\/blog\/compartilhe\/#primaryimage","url":"https:\/\/agrestefotostudio.com.br\/blog\/wp-content\/uploads\/2018\/10\/titulo-vamos-compartilhar.png","contentUrl":"https:\/\/agrestefotostudio.com.br\/blog\/wp-content\/uploads\/2018\/10\/titulo-vamos-compartilhar.png","width":1152,"height":281},{"@type":"BreadcrumbList","@id":"https:\/\/agrestefotostudio.com.br\/blog\/compartilhe\/#breadcrumb","itemListElement":[{"@type":"ListItem","position":1,"name":"In\u00edcio","item":"https:\/\/agrestefotostudio.com.br\/blog\/"},{"@type":"ListItem","position":2,"name":"Compartilhe"}]},{"@type":"WebSite","@id":"https:\/\/agrestefotostudio.com.br\/blog\/#website","url":"https:\/\/agrestefotostudio.com.br\/blog\/","name":"Agreste Foto & Studio","description":"A sua lembran\u00e7a mais divertida da Feira de S\u00e3o Crist\u00f3v\u00e3o","publisher":{"@id":"https:\/\/agrestefotostudio.com.br\/blog\/#organization"},"potentialAction":[{"@type":"SearchAction","target":{"@type":"EntryPoint","urlTemplate":"https:\/\/agrestefotostudio.com.br\/blog\/?s={search_term_string}"},"query-input":{"@type":"PropertyValueSpecification","valueRequired":true,"valueName":"search_term_string"}}],"inLanguage":"pt-BR"},{"@type":"Organization","@id":"https:\/\/agrestefotostudio.com.br\/blog\/#organization","name":"Agreste Foto & Studio","url":"https:\/\/agrestefotostudio.com.br\/blog\/","logo":{"@type":"ImageObject","inLanguage":"pt-BR","@id":"https:\/\/agrestefotostudio.com.br\/blog\/#\/schema\/logo\/image\/","url":"http:\/\/agrestefotostudio.com.br\/blog\/wp-content\/uploads\/2017\/07\/Logo-e1534389219888.png","contentUrl":"http:\/\/agrestefotostudio.com.br\/blog\/wp-content\/uploads\/2017\/07\/Logo-e1534389219888.png","width":450,"height":131,"caption":"Agreste Foto & Studio"},"image":{"@id":"https:\/\/agrestefotostudio.com.br\/blog\/#\/schema\/logo\/image\/"},"sameAs":["https:\/\/www.facebook.com\/agrestefotostudio","https:\/\/x.com\/agreste_studio","https:\/\/www.instagram.com\/agreste_foto_studio\/"]}]}},"_links":{"self":[{"href":"https:\/\/agrestefotostudio.com.br\/blog\/wp-json\/wp\/v2\/pages\/696","targetHints":{"allow":["GET"]}}],"collection":[{"href":"https:\/\/agrestefotostudio.com.br\/blog\/wp-json\/wp\/v2\/pages"}],"about":[{"href":"https:\/\/agrestefotostudio.com.br\/blog\/wp-json\/wp\/v2\/types\/page"}],"author":[{"embeddable":true,"href":"https:\/\/agrestefotostudio.com.br\/blog\/wp-json\/wp\/v2\/users\/1"}],"replies":[{"embeddable":true,"href":"https:\/\/agrestefotostudio.com.br\/blog\/wp-json\/wp\/v2\/comments?post=696"}],"version-history":[{"count":9,"href":"https:\/\/agrestefotostudio.com.br\/blog\/wp-json\/wp\/v2\/pages\/696\/revisions"}],"predecessor-version":[{"id":822,"href":"https:\/\/agrestefotostudio.com.br\/blog\/wp-json\/wp\/v2\/pages\/696\/revisions\/822"}],"wp:attachment":[{"href":"https:\/\/agrestefotostudio.com.br\/blog\/wp-json\/wp\/v2\/media?parent=696"}],"curies":[{"name":"wp","href":"https:\/\/api.w.org\/{rel}","templated":true}]}}