{"id":778,"date":"2018-10-02T01:40:31","date_gmt":"2018-10-02T04:40:31","guid":{"rendered":"http:\/\/agrestefotostudio.com.br\/blog\/?page_id=778"},"modified":"2018-10-02T02:48:18","modified_gmt":"2018-10-02T05:48:18","slug":"na-midia","status":"publish","type":"page","link":"https:\/\/agrestefotostudio.com.br\/blog\/na-midia\/","title":{"rendered":"Na M\u00eddia"},"content":{"rendered":"\t\t<div data-elementor-type=\"wp-post\" data-elementor-id=\"778\" class=\"elementor elementor-778 elementor-bc-flex-widget\">\n\t\t\t\t\t\t<section class=\"elementor-section elementor-top-section elementor-element elementor-element-24e9210 elementor-section-boxed elementor-section-height-default elementor-section-height-default\" data-id=\"24e9210\" data-element_type=\"section\">\n\t\t\t\t\t\t<div class=\"elementor-container elementor-column-gap-default\">\n\t\t\t\t\t<div class=\"elementor-column elementor-col-33 elementor-top-column elementor-element elementor-element-d2119dd\" data-id=\"d2119dd\" data-element_type=\"column\">\n\t\t\t<div class=\"elementor-widget-wrap elementor-element-populated\">\n\t\t\t\t\t\t<div class=\"elementor-element elementor-element-886785f elementor-widget elementor-widget-image\" data-id=\"886785f\" data-element_type=\"widget\" data-widget_type=\"image.default\">\n\t\t\t\t<div class=\"elementor-widget-container\">\n\t\t\t\t\t\t\t\t\t\t\t\t<figure class=\"wp-caption\">\n\t\t\t\t\t\t\t\t\t\t\t<a href=\"https:\/\/odia.ig.com.br\/diversao\/2018\/08\/5564829-tonafeira-bons-cliques-no-estudio-agreste.html\" target=\"_blank\">\n\t\t\t\t\t\t\t<img decoding=\"async\" width=\"300\" height=\"90\" src=\"https:\/\/agrestefotostudio.com.br\/blog\/wp-content\/uploads\/2018\/10\/Logo-O-Dia-300x90.jpg\" class=\"attachment-medium size-medium wp-image-788\" alt=\"\" \/>\t\t\t\t\t\t\t\t<\/a>\n\t\t\t\t\t\t\t\t\t\t\t<figcaption class=\"widget-image-caption wp-caption-text\">Jornal O DIA<\/figcaption>\n\t\t\t\t\t\t\t\t\t\t<\/figure>\n\t\t\t\t\t\t\t\t\t<\/div>\n\t\t\t\t<\/div>\n\t\t\t\t\t<\/div>\n\t\t<\/div>\n\t\t\t\t<div class=\"elementor-column elementor-col-33 elementor-top-column elementor-element elementor-element-a9754a6\" data-id=\"a9754a6\" data-element_type=\"column\">\n\t\t\t<div class=\"elementor-widget-wrap elementor-element-populated\">\n\t\t\t\t\t\t<div class=\"elementor-element elementor-element-5efb6a1 elementor-widget elementor-widget-image\" data-id=\"5efb6a1\" data-element_type=\"widget\" data-widget_type=\"image.default\">\n\t\t\t\t<div class=\"elementor-widget-container\">\n\t\t\t\t\t\t\t\t\t\t\t\t<figure class=\"wp-caption\">\n\t\t\t\t\t\t\t\t\t\t<img decoding=\"async\" width=\"300\" height=\"90\" src=\"https:\/\/agrestefotostudio.com.br\/blog\/wp-content\/uploads\/2018\/10\/logo-extra-300x90.jpg\" class=\"attachment-medium size-medium wp-image-787\" alt=\"\" srcset=\"https:\/\/agrestefotostudio.com.br\/blog\/wp-content\/uploads\/2018\/10\/logo-extra-300x90.jpg 300w, https:\/\/agrestefotostudio.com.br\/blog\/wp-content\/uploads\/2018\/10\/logo-extra.jpg 470w\" sizes=\"(max-width: 300px) 100vw, 300px\" \/>\t\t\t\t\t\t\t\t\t\t\t<figcaption class=\"widget-image-caption wp-caption-text\">Jornal Extra<\/figcaption>\n\t\t\t\t\t\t\t\t\t\t<\/figure>\n\t\t\t\t\t\t\t\t\t<\/div>\n\t\t\t\t<\/div>\n\t\t\t\t\t<\/div>\n\t\t<\/div>\n\t\t\t\t<div class=\"elementor-column elementor-col-33 elementor-top-column elementor-element elementor-element-fdb78b5\" data-id=\"fdb78b5\" data-element_type=\"column\">\n\t\t\t<div class=\"elementor-widget-wrap elementor-element-populated\">\n\t\t\t\t\t\t<div class=\"elementor-element elementor-element-e0d1f7c elementor-widget elementor-widget-image\" data-id=\"e0d1f7c\" data-element_type=\"widget\" data-widget_type=\"image.default\">\n\t\t\t\t<div class=\"elementor-widget-container\">\n\t\t\t\t\t\t\t\t\t\t\t\t<figure class=\"wp-caption\">\n\t\t\t\t\t\t\t\t\t\t\t<a href=\"https:\/\/caras.uol.com.br\/arquivo\/angelica-ney-latorraca-estrelas-globo-gravacao-feira-sao-critovao-maria-bonita-lampiao.phtml\" target=\"_blank\">\n\t\t\t\t\t\t\t<img decoding=\"async\" width=\"300\" height=\"90\" src=\"https:\/\/agrestefotostudio.com.br\/blog\/wp-content\/uploads\/2018\/10\/logo-caras-300x90.jpg\" class=\"attachment-medium size-medium wp-image-790\" alt=\"\" \/>\t\t\t\t\t\t\t\t<\/a>\n\t\t\t\t\t\t\t\t\t\t\t<figcaption class=\"widget-image-caption wp-caption-text\">Revista Caras<\/figcaption>\n\t\t\t\t\t\t\t\t\t\t<\/figure>\n\t\t\t\t\t\t\t\t\t<\/div>\n\t\t\t\t<\/div>\n\t\t\t\t\t<\/div>\n\t\t<\/div>\n\t\t\t\t\t<\/div>\n\t\t<\/section>\n\t\t\t\t<section class=\"elementor-section elementor-top-section elementor-element elementor-element-10e5734 elementor-section-boxed elementor-section-height-default elementor-section-height-default\" data-id=\"10e5734\" data-element_type=\"section\">\n\t\t\t\t\t\t<div class=\"elementor-container elementor-column-gap-default\">\n\t\t\t\t\t<div class=\"elementor-column elementor-col-33 elementor-top-column elementor-element elementor-element-75168b7\" data-id=\"75168b7\" data-element_type=\"column\">\n\t\t\t<div class=\"elementor-widget-wrap elementor-element-populated\">\n\t\t\t\t\t\t<div class=\"elementor-element elementor-element-7ecdd57 elementor-widget elementor-widget-image\" data-id=\"7ecdd57\" data-element_type=\"widget\" data-widget_type=\"image.default\">\n\t\t\t\t<div class=\"elementor-widget-container\">\n\t\t\t\t\t\t\t\t\t\t\t\t<figure class=\"wp-caption\">\n\t\t\t\t\t\t\t\t\t\t\t<a href=\"https:\/\/youtu.be\/VtxYrXhX-D4\" target=\"_blank\">\n\t\t\t\t\t\t\t<img loading=\"lazy\" decoding=\"async\" width=\"300\" height=\"90\" src=\"https:\/\/agrestefotostudio.com.br\/blog\/wp-content\/uploads\/2018\/10\/logo-estrelas-300x90.jpg\" class=\"attachment-medium size-medium wp-image-794\" alt=\"\" \/>\t\t\t\t\t\t\t\t<\/a>\n\t\t\t\t\t\t\t\t\t\t\t<figcaption class=\"widget-image-caption wp-caption-text\">Rede Globo | Programa Estrelas<\/figcaption>\n\t\t\t\t\t\t\t\t\t\t<\/figure>\n\t\t\t\t\t\t\t\t\t<\/div>\n\t\t\t\t<\/div>\n\t\t\t\t\t<\/div>\n\t\t<\/div>\n\t\t\t\t<div class=\"elementor-column elementor-col-33 elementor-top-column elementor-element elementor-element-3d6f007\" data-id=\"3d6f007\" data-element_type=\"column\">\n\t\t\t<div class=\"elementor-widget-wrap elementor-element-populated\">\n\t\t\t\t\t\t<div class=\"elementor-element elementor-element-2735854 elementor-widget elementor-widget-image\" data-id=\"2735854\" data-element_type=\"widget\" data-widget_type=\"image.default\">\n\t\t\t\t<div class=\"elementor-widget-container\">\n\t\t\t\t\t\t\t\t\t\t\t\t<figure class=\"wp-caption\">\n\t\t\t\t\t\t\t\t\t\t\t<a href=\"https:\/\/youtu.be\/WkF9dFhPZho\" target=\"_blank\">\n\t\t\t\t\t\t\t<img loading=\"lazy\" decoding=\"async\" width=\"300\" height=\"90\" src=\"https:\/\/agrestefotostudio.com.br\/blog\/wp-content\/uploads\/2018\/10\/Logo-Incenna-300x90.jpg\" class=\"attachment-medium size-medium wp-image-796\" alt=\"\" srcset=\"https:\/\/agrestefotostudio.com.br\/blog\/wp-content\/uploads\/2018\/10\/Logo-Incenna-300x90.jpg 300w, https:\/\/agrestefotostudio.com.br\/blog\/wp-content\/uploads\/2018\/10\/Logo-Incenna-768x230.jpg 768w, https:\/\/agrestefotostudio.com.br\/blog\/wp-content\/uploads\/2018\/10\/Logo-Incenna-1024x307.jpg 1024w, https:\/\/agrestefotostudio.com.br\/blog\/wp-content\/uploads\/2018\/10\/Logo-Incenna.jpg 1635w\" sizes=\"(max-width: 300px) 100vw, 300px\" \/>\t\t\t\t\t\t\t\t<\/a>\n\t\t\t\t\t\t\t\t\t\t\t<figcaption class=\"widget-image-caption wp-caption-text\">SBT | Programa Incenna<\/figcaption>\n\t\t\t\t\t\t\t\t\t\t<\/figure>\n\t\t\t\t\t\t\t\t\t<\/div>\n\t\t\t\t<\/div>\n\t\t\t\t\t<\/div>\n\t\t<\/div>\n\t\t\t\t<div class=\"elementor-column elementor-col-33 elementor-top-column elementor-element elementor-element-8765b5d\" data-id=\"8765b5d\" data-element_type=\"column\">\n\t\t\t<div class=\"elementor-widget-wrap elementor-element-populated\">\n\t\t\t\t\t\t<div class=\"elementor-element elementor-element-3f57c78 elementor-widget elementor-widget-image\" data-id=\"3f57c78\" data-element_type=\"widget\" data-widget_type=\"image.default\">\n\t\t\t\t<div class=\"elementor-widget-container\">\n\t\t\t\t\t\t\t\t\t\t\t\t<figure class=\"wp-caption\">\n\t\t\t\t\t\t\t\t\t\t\t<a href=\"https:\/\/www.odebateon.com.br\/site\/noticia\/detalhe\/24462\/inaugurada-ontem-expobrasil-traz-90-expositores-para-macae\" target=\"_blank\">\n\t\t\t\t\t\t\t<img loading=\"lazy\" decoding=\"async\" width=\"300\" height=\"90\" src=\"https:\/\/agrestefotostudio.com.br\/blog\/wp-content\/uploads\/2018\/10\/logo-o-debate-mcae-300x90.jpg\" class=\"attachment-medium size-medium wp-image-799\" alt=\"\" \/>\t\t\t\t\t\t\t\t<\/a>\n\t\t\t\t\t\t\t\t\t\t\t<figcaption class=\"widget-image-caption wp-caption-text\">O Debate | Folha de Maca\u00e9<\/figcaption>\n\t\t\t\t\t\t\t\t\t\t<\/figure>\n\t\t\t\t\t\t\t\t\t<\/div>\n\t\t\t\t<\/div>\n\t\t\t\t\t<\/div>\n\t\t<\/div>\n\t\t\t\t\t<\/div>\n\t\t<\/section>\n\t\t\t\t<\/div>\n\t\t","protected":false},"excerpt":{"rendered":"<p>Jornal O DIA Jornal Extra Revista Caras Rede Globo | Programa Estrelas SBT | Programa Incenna O Debate | Folha&hellip;<\/p>\n","protected":false},"author":1,"featured_media":0,"parent":0,"menu_order":0,"comment_status":"closed","ping_status":"closed","template":"","meta":{"footnotes":""},"class_list":["post-778","page","type-page","status-publish","hentry"],"yoast_head":"<!-- This site is optimized with the Yoast SEO plugin v25.6 - https:\/\/yoast.com\/wordpress\/plugins\/seo\/ -->\n<title>Na M\u00eddia -<\/title>\n<meta name=\"robots\" content=\"index, follow, max-snippet:-1, max-image-preview:large, max-video-preview:-1\" \/>\n<link rel=\"canonical\" href=\"https:\/\/agrestefotostudio.com.br\/blog\/na-midia\/\" \/>\n<meta property=\"og:locale\" content=\"pt_BR\" \/>\n<meta property=\"og:type\" content=\"article\" \/>\n<meta property=\"og:title\" content=\"Na M\u00eddia -\" \/>\n<meta property=\"og:description\" content=\"Jornal O DIA Jornal Extra Revista Caras Rede Globo | Programa Estrelas SBT | Programa Incenna O Debate | Folha&hellip;\" \/>\n<meta property=\"og:url\" content=\"https:\/\/agrestefotostudio.com.br\/blog\/na-midia\/\" \/>\n<meta property=\"article:publisher\" content=\"https:\/\/www.facebook.com\/agrestefotostudio\" \/>\n<meta property=\"article:modified_time\" content=\"2018-10-02T05:48:18+00:00\" \/>\n<meta property=\"og:image\" content=\"http:\/\/agrestefotostudio.com.br\/blog\/wp-content\/uploads\/2018\/10\/Logo-O-Dia-300x90.jpg\" \/>\n<meta name=\"twitter:card\" content=\"summary_large_image\" \/>\n<meta name=\"twitter:site\" content=\"@agreste_studio\" \/>\n<script type=\"application\/ld+json\" class=\"yoast-schema-graph\">{\"@context\":\"https:\/\/schema.org\",\"@graph\":[{\"@type\":\"WebPage\",\"@id\":\"https:\/\/agrestefotostudio.com.br\/blog\/na-midia\/\",\"url\":\"https:\/\/agrestefotostudio.com.br\/blog\/na-midia\/\",\"name\":\"Na M\u00eddia -\",\"isPartOf\":{\"@id\":\"https:\/\/agrestefotostudio.com.br\/blog\/#website\"},\"primaryImageOfPage\":{\"@id\":\"https:\/\/agrestefotostudio.com.br\/blog\/na-midia\/#primaryimage\"},\"image\":{\"@id\":\"https:\/\/agrestefotostudio.com.br\/blog\/na-midia\/#primaryimage\"},\"thumbnailUrl\":\"http:\/\/agrestefotostudio.com.br\/blog\/wp-content\/uploads\/2018\/10\/Logo-O-Dia-300x90.jpg\",\"datePublished\":\"2018-10-02T04:40:31+00:00\",\"dateModified\":\"2018-10-02T05:48:18+00:00\",\"breadcrumb\":{\"@id\":\"https:\/\/agrestefotostudio.com.br\/blog\/na-midia\/#breadcrumb\"},\"inLanguage\":\"pt-BR\",\"potentialAction\":[{\"@type\":\"ReadAction\",\"target\":[\"https:\/\/agrestefotostudio.com.br\/blog\/na-midia\/\"]}]},{\"@type\":\"ImageObject\",\"inLanguage\":\"pt-BR\",\"@id\":\"https:\/\/agrestefotostudio.com.br\/blog\/na-midia\/#primaryimage\",\"url\":\"https:\/\/agrestefotostudio.com.br\/blog\/wp-content\/uploads\/2018\/10\/Logo-O-Dia.jpg\",\"contentUrl\":\"https:\/\/agrestefotostudio.com.br\/blog\/wp-content\/uploads\/2018\/10\/Logo-O-Dia.jpg\",\"width\":300,\"height\":90},{\"@type\":\"BreadcrumbList\",\"@id\":\"https:\/\/agrestefotostudio.com.br\/blog\/na-midia\/#breadcrumb\",\"itemListElement\":[{\"@type\":\"ListItem\",\"position\":1,\"name\":\"In\u00edcio\",\"item\":\"https:\/\/agrestefotostudio.com.br\/blog\/\"},{\"@type\":\"ListItem\",\"position\":2,\"name\":\"Na M\u00eddia\"}]},{\"@type\":\"WebSite\",\"@id\":\"https:\/\/agrestefotostudio.com.br\/blog\/#website\",\"url\":\"https:\/\/agrestefotostudio.com.br\/blog\/\",\"name\":\"Agreste Foto & Studio\",\"description\":\"A sua lembran\u00e7a mais divertida da Feira de S\u00e3o Crist\u00f3v\u00e3o\",\"publisher\":{\"@id\":\"https:\/\/agrestefotostudio.com.br\/blog\/#organization\"},\"potentialAction\":[{\"@type\":\"SearchAction\",\"target\":{\"@type\":\"EntryPoint\",\"urlTemplate\":\"https:\/\/agrestefotostudio.com.br\/blog\/?s={search_term_string}\"},\"query-input\":{\"@type\":\"PropertyValueSpecification\",\"valueRequired\":true,\"valueName\":\"search_term_string\"}}],\"inLanguage\":\"pt-BR\"},{\"@type\":\"Organization\",\"@id\":\"https:\/\/agrestefotostudio.com.br\/blog\/#organization\",\"name\":\"Agreste Foto & Studio\",\"url\":\"https:\/\/agrestefotostudio.com.br\/blog\/\",\"logo\":{\"@type\":\"ImageObject\",\"inLanguage\":\"pt-BR\",\"@id\":\"https:\/\/agrestefotostudio.com.br\/blog\/#\/schema\/logo\/image\/\",\"url\":\"http:\/\/agrestefotostudio.com.br\/blog\/wp-content\/uploads\/2017\/07\/Logo-e1534389219888.png\",\"contentUrl\":\"http:\/\/agrestefotostudio.com.br\/blog\/wp-content\/uploads\/2017\/07\/Logo-e1534389219888.png\",\"width\":450,\"height\":131,\"caption\":\"Agreste Foto & Studio\"},\"image\":{\"@id\":\"https:\/\/agrestefotostudio.com.br\/blog\/#\/schema\/logo\/image\/\"},\"sameAs\":[\"https:\/\/www.facebook.com\/agrestefotostudio\",\"https:\/\/x.com\/agreste_studio\",\"https:\/\/www.instagram.com\/agreste_foto_studio\/\"]}]}<\/script>\n<!-- \/ Yoast SEO plugin. -->","yoast_head_json":{"title":"Na M\u00eddia -","robots":{"index":"index","follow":"follow","max-snippet":"max-snippet:-1","max-image-preview":"max-image-preview:large","max-video-preview":"max-video-preview:-1"},"canonical":"https:\/\/agrestefotostudio.com.br\/blog\/na-midia\/","og_locale":"pt_BR","og_type":"article","og_title":"Na M\u00eddia -","og_description":"Jornal O DIA Jornal Extra Revista Caras Rede Globo | Programa Estrelas SBT | Programa Incenna O Debate | Folha&hellip;","og_url":"https:\/\/agrestefotostudio.com.br\/blog\/na-midia\/","article_publisher":"https:\/\/www.facebook.com\/agrestefotostudio","article_modified_time":"2018-10-02T05:48:18+00:00","og_image":[{"url":"http:\/\/agrestefotostudio.com.br\/blog\/wp-content\/uploads\/2018\/10\/Logo-O-Dia-300x90.jpg","type":"","width":"","height":""}],"twitter_card":"summary_large_image","twitter_site":"@agreste_studio","schema":{"@context":"https:\/\/schema.org","@graph":[{"@type":"WebPage","@id":"https:\/\/agrestefotostudio.com.br\/blog\/na-midia\/","url":"https:\/\/agrestefotostudio.com.br\/blog\/na-midia\/","name":"Na M\u00eddia -","isPartOf":{"@id":"https:\/\/agrestefotostudio.com.br\/blog\/#website"},"primaryImageOfPage":{"@id":"https:\/\/agrestefotostudio.com.br\/blog\/na-midia\/#primaryimage"},"image":{"@id":"https:\/\/agrestefotostudio.com.br\/blog\/na-midia\/#primaryimage"},"thumbnailUrl":"http:\/\/agrestefotostudio.com.br\/blog\/wp-content\/uploads\/2018\/10\/Logo-O-Dia-300x90.jpg","datePublished":"2018-10-02T04:40:31+00:00","dateModified":"2018-10-02T05:48:18+00:00","breadcrumb":{"@id":"https:\/\/agrestefotostudio.com.br\/blog\/na-midia\/#breadcrumb"},"inLanguage":"pt-BR","potentialAction":[{"@type":"ReadAction","target":["https:\/\/agrestefotostudio.com.br\/blog\/na-midia\/"]}]},{"@type":"ImageObject","inLanguage":"pt-BR","@id":"https:\/\/agrestefotostudio.com.br\/blog\/na-midia\/#primaryimage","url":"https:\/\/agrestefotostudio.com.br\/blog\/wp-content\/uploads\/2018\/10\/Logo-O-Dia.jpg","contentUrl":"https:\/\/agrestefotostudio.com.br\/blog\/wp-content\/uploads\/2018\/10\/Logo-O-Dia.jpg","width":300,"height":90},{"@type":"BreadcrumbList","@id":"https:\/\/agrestefotostudio.com.br\/blog\/na-midia\/#breadcrumb","itemListElement":[{"@type":"ListItem","position":1,"name":"In\u00edcio","item":"https:\/\/agrestefotostudio.com.br\/blog\/"},{"@type":"ListItem","position":2,"name":"Na M\u00eddia"}]},{"@type":"WebSite","@id":"https:\/\/agrestefotostudio.com.br\/blog\/#website","url":"https:\/\/agrestefotostudio.com.br\/blog\/","name":"Agreste Foto & Studio","description":"A sua lembran\u00e7a mais divertida da Feira de S\u00e3o Crist\u00f3v\u00e3o","publisher":{"@id":"https:\/\/agrestefotostudio.com.br\/blog\/#organization"},"potentialAction":[{"@type":"SearchAction","target":{"@type":"EntryPoint","urlTemplate":"https:\/\/agrestefotostudio.com.br\/blog\/?s={search_term_string}"},"query-input":{"@type":"PropertyValueSpecification","valueRequired":true,"valueName":"search_term_string"}}],"inLanguage":"pt-BR"},{"@type":"Organization","@id":"https:\/\/agrestefotostudio.com.br\/blog\/#organization","name":"Agreste Foto & Studio","url":"https:\/\/agrestefotostudio.com.br\/blog\/","logo":{"@type":"ImageObject","inLanguage":"pt-BR","@id":"https:\/\/agrestefotostudio.com.br\/blog\/#\/schema\/logo\/image\/","url":"http:\/\/agrestefotostudio.com.br\/blog\/wp-content\/uploads\/2017\/07\/Logo-e1534389219888.png","contentUrl":"http:\/\/agrestefotostudio.com.br\/blog\/wp-content\/uploads\/2017\/07\/Logo-e1534389219888.png","width":450,"height":131,"caption":"Agreste Foto & Studio"},"image":{"@id":"https:\/\/agrestefotostudio.com.br\/blog\/#\/schema\/logo\/image\/"},"sameAs":["https:\/\/www.facebook.com\/agrestefotostudio","https:\/\/x.com\/agreste_studio","https:\/\/www.instagram.com\/agreste_foto_studio\/"]}]}},"_links":{"self":[{"href":"https:\/\/agrestefotostudio.com.br\/blog\/wp-json\/wp\/v2\/pages\/778","targetHints":{"allow":["GET"]}}],"collection":[{"href":"https:\/\/agrestefotostudio.com.br\/blog\/wp-json\/wp\/v2\/pages"}],"about":[{"href":"https:\/\/agrestefotostudio.com.br\/blog\/wp-json\/wp\/v2\/types\/page"}],"author":[{"embeddable":true,"href":"https:\/\/agrestefotostudio.com.br\/blog\/wp-json\/wp\/v2\/users\/1"}],"replies":[{"embeddable":true,"href":"https:\/\/agrestefotostudio.com.br\/blog\/wp-json\/wp\/v2\/comments?post=778"}],"version-history":[{"count":12,"href":"https:\/\/agrestefotostudio.com.br\/blog\/wp-json\/wp\/v2\/pages\/778\/revisions"}],"predecessor-version":[{"id":800,"href":"https:\/\/agrestefotostudio.com.br\/blog\/wp-json\/wp\/v2\/pages\/778\/revisions\/800"}],"wp:attachment":[{"href":"https:\/\/agrestefotostudio.com.br\/blog\/wp-json\/wp\/v2\/media?parent=778"}],"curies":[{"name":"wp","href":"https:\/\/api.w.org\/{rel}","templated":true}]}}