{"id":911,"date":"2018-10-24T22:52:26","date_gmt":"2018-10-25T00:52:26","guid":{"rendered":"http:\/\/agrestefotostudio.com.br\/blog\/?page_id=911"},"modified":"2018-10-24T23:34:51","modified_gmt":"2018-10-25T01:34:51","slug":"foto-tematica","status":"publish","type":"page","link":"https:\/\/agrestefotostudio.com.br\/blog\/foto-tematica\/","title":{"rendered":"Foto Tem\u00e1tica"},"content":{"rendered":"\t\t<div data-elementor-type=\"wp-post\" data-elementor-id=\"911\" class=\"elementor elementor-911 elementor-bc-flex-widget\">\n\t\t\t\t\t\t<section class=\"elementor-section elementor-top-section elementor-element elementor-element-c6f9a1c elementor-section-boxed elementor-section-height-default elementor-section-height-default\" data-id=\"c6f9a1c\" data-element_type=\"section\">\n\t\t\t\t\t\t<div class=\"elementor-container elementor-column-gap-default\">\n\t\t\t\t\t<div class=\"elementor-column elementor-col-50 elementor-top-column elementor-element elementor-element-15359d4\" data-id=\"15359d4\" data-element_type=\"column\">\n\t\t\t<div class=\"elementor-widget-wrap elementor-element-populated\">\n\t\t\t\t\t\t<div class=\"elementor-element elementor-element-cdab20d animated-slow elementor-invisible elementor-widget elementor-widget-image\" data-id=\"cdab20d\" data-element_type=\"widget\" data-settings=\"{&quot;_animation&quot;:&quot;fadeInLeft&quot;}\" data-widget_type=\"image.default\">\n\t\t\t\t<div class=\"elementor-widget-container\">\n\t\t\t\t\t\t\t\t\t\t\t\t\t\t\t<img fetchpriority=\"high\" decoding=\"async\" width=\"407\" height=\"506\" src=\"https:\/\/agrestefotostudio.com.br\/blog\/wp-content\/uploads\/2018\/10\/cordel-foto-tematica.jpg\" class=\"attachment-medium_large size-medium_large wp-image-913\" alt=\"\" srcset=\"https:\/\/agrestefotostudio.com.br\/blog\/wp-content\/uploads\/2018\/10\/cordel-foto-tematica.jpg 407w, https:\/\/agrestefotostudio.com.br\/blog\/wp-content\/uploads\/2018\/10\/cordel-foto-tematica-241x300.jpg 241w\" sizes=\"(max-width: 407px) 100vw, 407px\" \/>\t\t\t\t\t\t\t\t\t\t\t\t\t\t\t<\/div>\n\t\t\t\t<\/div>\n\t\t\t\t\t<\/div>\n\t\t<\/div>\n\t\t\t\t<div class=\"elementor-column elementor-col-50 elementor-top-column elementor-element elementor-element-819cd9c\" data-id=\"819cd9c\" data-element_type=\"column\">\n\t\t\t<div class=\"elementor-widget-wrap elementor-element-populated\">\n\t\t\t\t\t\t<div class=\"elementor-element elementor-element-26463dd animated-slow elementor-invisible elementor-widget elementor-widget-image\" data-id=\"26463dd\" data-element_type=\"widget\" data-settings=\"{&quot;_animation&quot;:&quot;fadeInDown&quot;}\" data-widget_type=\"image.default\">\n\t\t\t\t<div class=\"elementor-widget-container\">\n\t\t\t\t\t\t\t\t\t\t\t\t\t\t\t<img decoding=\"async\" width=\"1237\" height=\"257\" src=\"https:\/\/agrestefotostudio.com.br\/blog\/wp-content\/uploads\/2018\/10\/foto-tematica-titulo.jpg\" class=\"attachment-full size-full wp-image-889\" alt=\"\" srcset=\"https:\/\/agrestefotostudio.com.br\/blog\/wp-content\/uploads\/2018\/10\/foto-tematica-titulo.jpg 1237w, https:\/\/agrestefotostudio.com.br\/blog\/wp-content\/uploads\/2018\/10\/foto-tematica-titulo-300x62.jpg 300w, https:\/\/agrestefotostudio.com.br\/blog\/wp-content\/uploads\/2018\/10\/foto-tematica-titulo-768x160.jpg 768w, https:\/\/agrestefotostudio.com.br\/blog\/wp-content\/uploads\/2018\/10\/foto-tematica-titulo-1024x213.jpg 1024w\" sizes=\"(max-width: 1237px) 100vw, 1237px\" \/>\t\t\t\t\t\t\t\t\t\t\t\t\t\t\t<\/div>\n\t\t\t\t<\/div>\n\t\t\t\t<div class=\"elementor-element elementor-element-442e7cd elementor-widget elementor-widget-text-editor\" data-id=\"442e7cd\" data-element_type=\"widget\" data-widget_type=\"text-editor.default\">\n\t\t\t\t<div class=\"elementor-widget-container\">\n\t\t\t\t\t\t\t\t\t<p style=\"text-align: justify;\"><span style=\"color: #000000;\"><span style=\"font-size: large;\"><span style=\"background: transparent none repeat scroll 0% 0%;\"><span style=\"font-size: medium;\">Desde o in\u00edcio do projeto, definimos claramente objetivos e metas. Um deles era realizar imagens por meio de produ\u00e7\u00f5es tem\u00e1ticas, um g\u00eanero criativo e gratificante da fotografia. O cen\u00e1rio com o tema do sertanejo nordestino, inserido no contexto da feira, busca reproduzir um ambiente l\u00fadico da vida no sert\u00e3o e convida voc\u00ea a entrar nesse territ\u00f3rio repleto de brasilidade e cheio de ternura, em clima de muita alegria e descontra\u00e7\u00e3o. As fotos produzidas s\u00e3o entregues em apenas alguns minutos e dispon\u00edveis em tr\u00eas tamanhos diferentes, \u00e0 sua escolha. <\/span><\/span><\/span><\/span><\/p>\t\t\t\t\t\t\t\t<\/div>\n\t\t\t\t<\/div>\n\t\t\t\t\t<\/div>\n\t\t<\/div>\n\t\t\t\t\t<\/div>\n\t\t<\/section>\n\t\t\t\t<section class=\"elementor-section elementor-top-section elementor-element elementor-element-a202763 elementor-section-boxed elementor-section-height-default elementor-section-height-default\" data-id=\"a202763\" data-element_type=\"section\">\n\t\t\t\t\t\t<div class=\"elementor-container elementor-column-gap-default\">\n\t\t\t\t\t<div class=\"elementor-column elementor-col-100 elementor-top-column elementor-element elementor-element-cf249ea\" data-id=\"cf249ea\" data-element_type=\"column\">\n\t\t\t<div class=\"elementor-widget-wrap elementor-element-populated\">\n\t\t\t\t\t\t<div class=\"elementor-element elementor-element-38a5132 animated-slow elementor-invisible elementor-widget elementor-widget-image\" data-id=\"38a5132\" data-element_type=\"widget\" data-settings=\"{&quot;_animation&quot;:&quot;pulse&quot;,&quot;_animation_delay&quot;:1000}\" data-widget_type=\"image.default\">\n\t\t\t\t<div class=\"elementor-widget-container\">\n\t\t\t\t\t\t\t\t\t\t\t\t\t\t\t<img decoding=\"async\" width=\"1704\" height=\"999\" src=\"https:\/\/agrestefotostudio.com.br\/blog\/wp-content\/uploads\/2018\/10\/foto-tematica-escolhas.jpg\" class=\"attachment-full size-full wp-image-895\" alt=\"\" srcset=\"https:\/\/agrestefotostudio.com.br\/blog\/wp-content\/uploads\/2018\/10\/foto-tematica-escolhas.jpg 1704w, https:\/\/agrestefotostudio.com.br\/blog\/wp-content\/uploads\/2018\/10\/foto-tematica-escolhas-300x176.jpg 300w, https:\/\/agrestefotostudio.com.br\/blog\/wp-content\/uploads\/2018\/10\/foto-tematica-escolhas-768x450.jpg 768w, https:\/\/agrestefotostudio.com.br\/blog\/wp-content\/uploads\/2018\/10\/foto-tematica-escolhas-1024x600.jpg 1024w\" sizes=\"(max-width: 1704px) 100vw, 1704px\" \/>\t\t\t\t\t\t\t\t\t\t\t\t\t\t\t<\/div>\n\t\t\t\t<\/div>\n\t\t\t\t\t<\/div>\n\t\t<\/div>\n\t\t\t\t\t<\/div>\n\t\t<\/section>\n\t\t\t\t<section class=\"elementor-section elementor-top-section elementor-element elementor-element-7f3eccc elementor-section-boxed elementor-section-height-default elementor-section-height-default\" data-id=\"7f3eccc\" data-element_type=\"section\">\n\t\t\t\t\t\t<div class=\"elementor-container elementor-column-gap-default\">\n\t\t\t\t\t<div class=\"elementor-column elementor-col-100 elementor-top-column elementor-element elementor-element-9924d99\" data-id=\"9924d99\" data-element_type=\"column\">\n\t\t\t<div class=\"elementor-widget-wrap elementor-element-populated\">\n\t\t\t\t\t\t<div class=\"elementor-element elementor-element-1a448a3 elementor-widget elementor-widget-image\" data-id=\"1a448a3\" data-element_type=\"widget\" data-widget_type=\"image.default\">\n\t\t\t\t<div class=\"elementor-widget-container\">\n\t\t\t\t\t\t\t\t\t\t\t\t\t\t\t<img loading=\"lazy\" decoding=\"async\" width=\"300\" height=\"97\" src=\"https:\/\/agrestefotostudio.com.br\/blog\/wp-content\/uploads\/2018\/10\/foto-tematica-5-300x97.jpg\" class=\"attachment-medium size-medium wp-image-914\" alt=\"\" srcset=\"https:\/\/agrestefotostudio.com.br\/blog\/wp-content\/uploads\/2018\/10\/foto-tematica-5-300x97.jpg 300w, https:\/\/agrestefotostudio.com.br\/blog\/wp-content\/uploads\/2018\/10\/foto-tematica-5.jpg 471w\" sizes=\"(max-width: 300px) 100vw, 300px\" \/>\t\t\t\t\t\t\t\t\t\t\t\t\t\t\t<\/div>\n\t\t\t\t<\/div>\n\t\t\t\t\t<\/div>\n\t\t<\/div>\n\t\t\t\t\t<\/div>\n\t\t<\/section>\n\t\t\t\t<section class=\"elementor-section elementor-top-section elementor-element elementor-element-4d8956f elementor-section-boxed elementor-section-height-default elementor-section-height-default\" data-id=\"4d8956f\" data-element_type=\"section\">\n\t\t\t\t\t\t<div class=\"elementor-container elementor-column-gap-default\">\n\t\t\t\t\t<div class=\"elementor-column elementor-col-33 elementor-top-column elementor-element elementor-element-16c5770\" data-id=\"16c5770\" data-element_type=\"column\">\n\t\t\t<div class=\"elementor-widget-wrap elementor-element-populated\">\n\t\t\t\t\t\t<div class=\"elementor-element elementor-element-62f143f elementor-widget elementor-widget-image\" data-id=\"62f143f\" data-element_type=\"widget\" data-widget_type=\"image.default\">\n\t\t\t\t<div class=\"elementor-widget-container\">\n\t\t\t\t\t\t\t\t\t\t\t\t\t\t\t<img decoding=\"async\" src=\"https:\/\/agrestefotostudio.com.br\/blog\/wp-content\/uploads\/2018\/10\/10x15.jpg\" title=\"10&#215;15\" alt=\"10x15\" class=\"elementor-animation-wobble-vertical\" loading=\"lazy\" \/>\t\t\t\t\t\t\t\t\t\t\t\t\t\t\t<\/div>\n\t\t\t\t<\/div>\n\t\t\t\t\t<\/div>\n\t\t<\/div>\n\t\t\t\t<div class=\"elementor-column elementor-col-33 elementor-top-column elementor-element elementor-element-8b47003\" data-id=\"8b47003\" data-element_type=\"column\">\n\t\t\t<div class=\"elementor-widget-wrap elementor-element-populated\">\n\t\t\t\t\t\t<div class=\"elementor-element elementor-element-233c348 elementor-widget elementor-widget-image\" data-id=\"233c348\" data-element_type=\"widget\" data-widget_type=\"image.default\">\n\t\t\t\t<div class=\"elementor-widget-container\">\n\t\t\t\t\t\t\t\t\t\t\t\t\t\t\t<img decoding=\"async\" src=\"https:\/\/agrestefotostudio.com.br\/blog\/wp-content\/uploads\/2018\/10\/15x20.jpg\" title=\"15&#215;20\" alt=\"15x20\" class=\"elementor-animation-wobble-vertical\" loading=\"lazy\" \/>\t\t\t\t\t\t\t\t\t\t\t\t\t\t\t<\/div>\n\t\t\t\t<\/div>\n\t\t\t\t\t<\/div>\n\t\t<\/div>\n\t\t\t\t<div class=\"elementor-column elementor-col-33 elementor-top-column elementor-element elementor-element-fb129b0\" data-id=\"fb129b0\" data-element_type=\"column\">\n\t\t\t<div class=\"elementor-widget-wrap elementor-element-populated\">\n\t\t\t\t\t\t<div class=\"elementor-element elementor-element-ea3007e elementor-widget elementor-widget-image\" data-id=\"ea3007e\" data-element_type=\"widget\" data-widget_type=\"image.default\">\n\t\t\t\t<div class=\"elementor-widget-container\">\n\t\t\t\t\t\t\t\t\t\t\t\t\t\t\t<img decoding=\"async\" src=\"https:\/\/agrestefotostudio.com.br\/blog\/wp-content\/uploads\/2018\/10\/20x30.jpg\" title=\"20&#215;30\" alt=\"20x30\" class=\"elementor-animation-wobble-vertical\" loading=\"lazy\" \/>\t\t\t\t\t\t\t\t\t\t\t\t\t\t\t<\/div>\n\t\t\t\t<\/div>\n\t\t\t\t\t<\/div>\n\t\t<\/div>\n\t\t\t\t\t<\/div>\n\t\t<\/section>\n\t\t\t\t<section class=\"elementor-section elementor-top-section elementor-element elementor-element-16f752c elementor-section-boxed elementor-section-height-default elementor-section-height-default\" data-id=\"16f752c\" data-element_type=\"section\">\n\t\t\t\t\t\t<div class=\"elementor-container elementor-column-gap-default\">\n\t\t\t\t\t<div class=\"elementor-column elementor-col-100 elementor-top-column elementor-element elementor-element-378ff06\" data-id=\"378ff06\" data-element_type=\"column\">\n\t\t\t<div class=\"elementor-widget-wrap elementor-element-populated\">\n\t\t\t\t\t\t<div class=\"elementor-element elementor-element-bdd6c8d elementor-widget elementor-widget-spacer\" data-id=\"bdd6c8d\" data-element_type=\"widget\" data-widget_type=\"spacer.default\">\n\t\t\t\t<div class=\"elementor-widget-container\">\n\t\t\t\t\t\t\t<div class=\"elementor-spacer\">\n\t\t\t<div class=\"elementor-spacer-inner\"><\/div>\n\t\t<\/div>\n\t\t\t\t\t\t<\/div>\n\t\t\t\t<\/div>\n\t\t\t\t\t<\/div>\n\t\t<\/div>\n\t\t\t\t\t<\/div>\n\t\t<\/section>\n\t\t\t\t<section class=\"elementor-section elementor-top-section elementor-element elementor-element-8bf1a7e elementor-section-boxed elementor-section-height-default elementor-section-height-default\" data-id=\"8bf1a7e\" data-element_type=\"section\">\n\t\t\t\t\t\t<div class=\"elementor-container elementor-column-gap-default\">\n\t\t\t\t\t<div class=\"elementor-column elementor-col-100 elementor-top-column elementor-element elementor-element-07ef6da\" data-id=\"07ef6da\" data-element_type=\"column\">\n\t\t\t<div class=\"elementor-widget-wrap elementor-element-populated\">\n\t\t\t\t\t\t<div class=\"elementor-element elementor-element-68dcbbb elementor-widget elementor-widget-image\" data-id=\"68dcbbb\" data-element_type=\"widget\" data-widget_type=\"image.default\">\n\t\t\t\t<div class=\"elementor-widget-container\">\n\t\t\t\t\t\t\t\t\t\t\t\t\t\t\t<img loading=\"lazy\" decoding=\"async\" width=\"1487\" height=\"57\" src=\"https:\/\/agrestefotostudio.com.br\/blog\/wp-content\/uploads\/2018\/10\/foto-tematica-linha.jpg\" class=\"attachment-full size-full wp-image-905\" alt=\"\" srcset=\"https:\/\/agrestefotostudio.com.br\/blog\/wp-content\/uploads\/2018\/10\/foto-tematica-linha.jpg 1487w, https:\/\/agrestefotostudio.com.br\/blog\/wp-content\/uploads\/2018\/10\/foto-tematica-linha-300x11.jpg 300w, https:\/\/agrestefotostudio.com.br\/blog\/wp-content\/uploads\/2018\/10\/foto-tematica-linha-768x29.jpg 768w, https:\/\/agrestefotostudio.com.br\/blog\/wp-content\/uploads\/2018\/10\/foto-tematica-linha-1024x39.jpg 1024w\" sizes=\"(max-width: 1487px) 100vw, 1487px\" \/>\t\t\t\t\t\t\t\t\t\t\t\t\t\t\t<\/div>\n\t\t\t\t<\/div>\n\t\t\t\t\t<\/div>\n\t\t<\/div>\n\t\t\t\t\t<\/div>\n\t\t<\/section>\n\t\t\t\t<section class=\"elementor-section elementor-top-section elementor-element elementor-element-bb32cc2 elementor-section-boxed elementor-section-height-default elementor-section-height-default\" data-id=\"bb32cc2\" data-element_type=\"section\">\n\t\t\t\t\t\t<div class=\"elementor-container elementor-column-gap-default\">\n\t\t\t\t\t<div class=\"elementor-column elementor-col-100 elementor-top-column elementor-element elementor-element-be393ca\" data-id=\"be393ca\" data-element_type=\"column\">\n\t\t\t<div class=\"elementor-widget-wrap elementor-element-populated\">\n\t\t\t\t\t\t<div class=\"elementor-element elementor-element-d8216d3 elementor-widget elementor-widget-spacer\" data-id=\"d8216d3\" data-element_type=\"widget\" data-widget_type=\"spacer.default\">\n\t\t\t\t<div class=\"elementor-widget-container\">\n\t\t\t\t\t\t\t<div class=\"elementor-spacer\">\n\t\t\t<div class=\"elementor-spacer-inner\"><\/div>\n\t\t<\/div>\n\t\t\t\t\t\t<\/div>\n\t\t\t\t<\/div>\n\t\t\t\t\t<\/div>\n\t\t<\/div>\n\t\t\t\t\t<\/div>\n\t\t<\/section>\n\t\t\t\t<section class=\"elementor-section elementor-top-section elementor-element elementor-element-ebc733b elementor-section-boxed elementor-section-height-default elementor-section-height-default\" data-id=\"ebc733b\" data-element_type=\"section\">\n\t\t\t\t\t\t<div class=\"elementor-container elementor-column-gap-default\">\n\t\t\t\t\t<div class=\"elementor-column elementor-col-100 elementor-top-column elementor-element elementor-element-00be0cf\" data-id=\"00be0cf\" data-element_type=\"column\">\n\t\t\t<div class=\"elementor-widget-wrap elementor-element-populated\">\n\t\t\t\t\t\t<div class=\"elementor-element elementor-element-6a7fe5a animated-slow elementor-invisible elementor-widget elementor-widget-image\" data-id=\"6a7fe5a\" data-element_type=\"widget\" data-settings=\"{&quot;_animation&quot;:&quot;fadeInUp&quot;,&quot;_animation_delay&quot;:2000}\" data-widget_type=\"image.default\">\n\t\t\t\t<div class=\"elementor-widget-container\">\n\t\t\t\t\t\t\t\t\t\t\t\t\t\t\t<img loading=\"lazy\" decoding=\"async\" width=\"768\" height=\"233\" src=\"https:\/\/agrestefotostudio.com.br\/blog\/wp-content\/uploads\/2018\/10\/foto-tematica-esperando-768x233.jpg\" class=\"attachment-medium_large size-medium_large wp-image-927\" alt=\"\" srcset=\"https:\/\/agrestefotostudio.com.br\/blog\/wp-content\/uploads\/2018\/10\/foto-tematica-esperando-768x233.jpg 768w, https:\/\/agrestefotostudio.com.br\/blog\/wp-content\/uploads\/2018\/10\/foto-tematica-esperando-300x91.jpg 300w, https:\/\/agrestefotostudio.com.br\/blog\/wp-content\/uploads\/2018\/10\/foto-tematica-esperando.jpg 801w\" sizes=\"(max-width: 768px) 100vw, 768px\" \/>\t\t\t\t\t\t\t\t\t\t\t\t\t\t\t<\/div>\n\t\t\t\t<\/div>\n\t\t\t\t\t<\/div>\n\t\t<\/div>\n\t\t\t\t\t<\/div>\n\t\t<\/section>\n\t\t\t\t<section class=\"elementor-section elementor-top-section elementor-element elementor-element-c93bb04 elementor-section-boxed elementor-section-height-default elementor-section-height-default\" data-id=\"c93bb04\" data-element_type=\"section\">\n\t\t\t\t\t\t<div class=\"elementor-container elementor-column-gap-default\">\n\t\t\t\t\t<div class=\"elementor-column elementor-col-100 elementor-top-column elementor-element elementor-element-a0c77f9\" data-id=\"a0c77f9\" data-element_type=\"column\">\n\t\t\t<div class=\"elementor-widget-wrap elementor-element-populated\">\n\t\t\t\t\t\t<div class=\"elementor-element elementor-element-4346415 elementor-widget elementor-widget-spacer\" data-id=\"4346415\" data-element_type=\"widget\" data-widget_type=\"spacer.default\">\n\t\t\t\t<div class=\"elementor-widget-container\">\n\t\t\t\t\t\t\t<div class=\"elementor-spacer\">\n\t\t\t<div class=\"elementor-spacer-inner\"><\/div>\n\t\t<\/div>\n\t\t\t\t\t\t<\/div>\n\t\t\t\t<\/div>\n\t\t\t\t\t<\/div>\n\t\t<\/div>\n\t\t\t\t\t<\/div>\n\t\t<\/section>\n\t\t\t\t<\/div>\n\t\t","protected":false},"excerpt":{"rendered":"<p>Desde o in\u00edcio do projeto, definimos claramente objetivos e metas. Um deles era realizar imagens por meio de produ\u00e7\u00f5es tem\u00e1ticas,&hellip;<\/p>\n","protected":false},"author":1,"featured_media":0,"parent":0,"menu_order":0,"comment_status":"closed","ping_status":"closed","template":"","meta":{"footnotes":""},"class_list":["post-911","page","type-page","status-publish","hentry"],"yoast_head":"<!-- This site is optimized with the Yoast SEO plugin v25.6 - https:\/\/yoast.com\/wordpress\/plugins\/seo\/ -->\n<title>Foto Tem\u00e1tica -<\/title>\n<meta name=\"robots\" content=\"index, follow, max-snippet:-1, max-image-preview:large, max-video-preview:-1\" \/>\n<link rel=\"canonical\" href=\"https:\/\/agrestefotostudio.com.br\/blog\/foto-tematica\/\" \/>\n<meta property=\"og:locale\" content=\"pt_BR\" \/>\n<meta property=\"og:type\" content=\"article\" \/>\n<meta property=\"og:title\" content=\"Foto Tem\u00e1tica -\" \/>\n<meta property=\"og:description\" content=\"Desde o in\u00edcio do projeto, definimos claramente objetivos e metas. Um deles era realizar imagens por meio de produ\u00e7\u00f5es tem\u00e1ticas,&hellip;\" \/>\n<meta property=\"og:url\" content=\"https:\/\/agrestefotostudio.com.br\/blog\/foto-tematica\/\" \/>\n<meta property=\"article:publisher\" content=\"https:\/\/www.facebook.com\/agrestefotostudio\" \/>\n<meta property=\"article:modified_time\" content=\"2018-10-25T01:34:51+00:00\" \/>\n<meta property=\"og:image\" content=\"http:\/\/agrestefotostudio.com.br\/blog\/wp-content\/uploads\/2018\/10\/cordel-foto-tematica.jpg\" \/>\n<meta name=\"twitter:card\" content=\"summary_large_image\" \/>\n<meta name=\"twitter:site\" content=\"@agreste_studio\" \/>\n<script type=\"application\/ld+json\" class=\"yoast-schema-graph\">{\"@context\":\"https:\/\/schema.org\",\"@graph\":[{\"@type\":\"WebPage\",\"@id\":\"https:\/\/agrestefotostudio.com.br\/blog\/foto-tematica\/\",\"url\":\"https:\/\/agrestefotostudio.com.br\/blog\/foto-tematica\/\",\"name\":\"Foto Tem\u00e1tica -\",\"isPartOf\":{\"@id\":\"https:\/\/agrestefotostudio.com.br\/blog\/#website\"},\"primaryImageOfPage\":{\"@id\":\"https:\/\/agrestefotostudio.com.br\/blog\/foto-tematica\/#primaryimage\"},\"image\":{\"@id\":\"https:\/\/agrestefotostudio.com.br\/blog\/foto-tematica\/#primaryimage\"},\"thumbnailUrl\":\"http:\/\/agrestefotostudio.com.br\/blog\/wp-content\/uploads\/2018\/10\/cordel-foto-tematica.jpg\",\"datePublished\":\"2018-10-25T00:52:26+00:00\",\"dateModified\":\"2018-10-25T01:34:51+00:00\",\"breadcrumb\":{\"@id\":\"https:\/\/agrestefotostudio.com.br\/blog\/foto-tematica\/#breadcrumb\"},\"inLanguage\":\"pt-BR\",\"potentialAction\":[{\"@type\":\"ReadAction\",\"target\":[\"https:\/\/agrestefotostudio.com.br\/blog\/foto-tematica\/\"]}]},{\"@type\":\"ImageObject\",\"inLanguage\":\"pt-BR\",\"@id\":\"https:\/\/agrestefotostudio.com.br\/blog\/foto-tematica\/#primaryimage\",\"url\":\"https:\/\/agrestefotostudio.com.br\/blog\/wp-content\/uploads\/2018\/10\/cordel-foto-tematica.jpg\",\"contentUrl\":\"https:\/\/agrestefotostudio.com.br\/blog\/wp-content\/uploads\/2018\/10\/cordel-foto-tematica.jpg\",\"width\":407,\"height\":506},{\"@type\":\"BreadcrumbList\",\"@id\":\"https:\/\/agrestefotostudio.com.br\/blog\/foto-tematica\/#breadcrumb\",\"itemListElement\":[{\"@type\":\"ListItem\",\"position\":1,\"name\":\"In\u00edcio\",\"item\":\"https:\/\/agrestefotostudio.com.br\/blog\/\"},{\"@type\":\"ListItem\",\"position\":2,\"name\":\"Foto Tem\u00e1tica\"}]},{\"@type\":\"WebSite\",\"@id\":\"https:\/\/agrestefotostudio.com.br\/blog\/#website\",\"url\":\"https:\/\/agrestefotostudio.com.br\/blog\/\",\"name\":\"Agreste Foto & Studio\",\"description\":\"A sua lembran\u00e7a mais divertida da Feira de S\u00e3o Crist\u00f3v\u00e3o\",\"publisher\":{\"@id\":\"https:\/\/agrestefotostudio.com.br\/blog\/#organization\"},\"potentialAction\":[{\"@type\":\"SearchAction\",\"target\":{\"@type\":\"EntryPoint\",\"urlTemplate\":\"https:\/\/agrestefotostudio.com.br\/blog\/?s={search_term_string}\"},\"query-input\":{\"@type\":\"PropertyValueSpecification\",\"valueRequired\":true,\"valueName\":\"search_term_string\"}}],\"inLanguage\":\"pt-BR\"},{\"@type\":\"Organization\",\"@id\":\"https:\/\/agrestefotostudio.com.br\/blog\/#organization\",\"name\":\"Agreste Foto & Studio\",\"url\":\"https:\/\/agrestefotostudio.com.br\/blog\/\",\"logo\":{\"@type\":\"ImageObject\",\"inLanguage\":\"pt-BR\",\"@id\":\"https:\/\/agrestefotostudio.com.br\/blog\/#\/schema\/logo\/image\/\",\"url\":\"http:\/\/agrestefotostudio.com.br\/blog\/wp-content\/uploads\/2017\/07\/Logo-e1534389219888.png\",\"contentUrl\":\"http:\/\/agrestefotostudio.com.br\/blog\/wp-content\/uploads\/2017\/07\/Logo-e1534389219888.png\",\"width\":450,\"height\":131,\"caption\":\"Agreste Foto & Studio\"},\"image\":{\"@id\":\"https:\/\/agrestefotostudio.com.br\/blog\/#\/schema\/logo\/image\/\"},\"sameAs\":[\"https:\/\/www.facebook.com\/agrestefotostudio\",\"https:\/\/x.com\/agreste_studio\",\"https:\/\/www.instagram.com\/agreste_foto_studio\/\"]}]}<\/script>\n<!-- \/ Yoast SEO plugin. -->","yoast_head_json":{"title":"Foto Tem\u00e1tica -","robots":{"index":"index","follow":"follow","max-snippet":"max-snippet:-1","max-image-preview":"max-image-preview:large","max-video-preview":"max-video-preview:-1"},"canonical":"https:\/\/agrestefotostudio.com.br\/blog\/foto-tematica\/","og_locale":"pt_BR","og_type":"article","og_title":"Foto Tem\u00e1tica -","og_description":"Desde o in\u00edcio do projeto, definimos claramente objetivos e metas. Um deles era realizar imagens por meio de produ\u00e7\u00f5es tem\u00e1ticas,&hellip;","og_url":"https:\/\/agrestefotostudio.com.br\/blog\/foto-tematica\/","article_publisher":"https:\/\/www.facebook.com\/agrestefotostudio","article_modified_time":"2018-10-25T01:34:51+00:00","og_image":[{"url":"http:\/\/agrestefotostudio.com.br\/blog\/wp-content\/uploads\/2018\/10\/cordel-foto-tematica.jpg","type":"","width":"","height":""}],"twitter_card":"summary_large_image","twitter_site":"@agreste_studio","schema":{"@context":"https:\/\/schema.org","@graph":[{"@type":"WebPage","@id":"https:\/\/agrestefotostudio.com.br\/blog\/foto-tematica\/","url":"https:\/\/agrestefotostudio.com.br\/blog\/foto-tematica\/","name":"Foto Tem\u00e1tica -","isPartOf":{"@id":"https:\/\/agrestefotostudio.com.br\/blog\/#website"},"primaryImageOfPage":{"@id":"https:\/\/agrestefotostudio.com.br\/blog\/foto-tematica\/#primaryimage"},"image":{"@id":"https:\/\/agrestefotostudio.com.br\/blog\/foto-tematica\/#primaryimage"},"thumbnailUrl":"http:\/\/agrestefotostudio.com.br\/blog\/wp-content\/uploads\/2018\/10\/cordel-foto-tematica.jpg","datePublished":"2018-10-25T00:52:26+00:00","dateModified":"2018-10-25T01:34:51+00:00","breadcrumb":{"@id":"https:\/\/agrestefotostudio.com.br\/blog\/foto-tematica\/#breadcrumb"},"inLanguage":"pt-BR","potentialAction":[{"@type":"ReadAction","target":["https:\/\/agrestefotostudio.com.br\/blog\/foto-tematica\/"]}]},{"@type":"ImageObject","inLanguage":"pt-BR","@id":"https:\/\/agrestefotostudio.com.br\/blog\/foto-tematica\/#primaryimage","url":"https:\/\/agrestefotostudio.com.br\/blog\/wp-content\/uploads\/2018\/10\/cordel-foto-tematica.jpg","contentUrl":"https:\/\/agrestefotostudio.com.br\/blog\/wp-content\/uploads\/2018\/10\/cordel-foto-tematica.jpg","width":407,"height":506},{"@type":"BreadcrumbList","@id":"https:\/\/agrestefotostudio.com.br\/blog\/foto-tematica\/#breadcrumb","itemListElement":[{"@type":"ListItem","position":1,"name":"In\u00edcio","item":"https:\/\/agrestefotostudio.com.br\/blog\/"},{"@type":"ListItem","position":2,"name":"Foto Tem\u00e1tica"}]},{"@type":"WebSite","@id":"https:\/\/agrestefotostudio.com.br\/blog\/#website","url":"https:\/\/agrestefotostudio.com.br\/blog\/","name":"Agreste Foto & Studio","description":"A sua lembran\u00e7a mais divertida da Feira de S\u00e3o Crist\u00f3v\u00e3o","publisher":{"@id":"https:\/\/agrestefotostudio.com.br\/blog\/#organization"},"potentialAction":[{"@type":"SearchAction","target":{"@type":"EntryPoint","urlTemplate":"https:\/\/agrestefotostudio.com.br\/blog\/?s={search_term_string}"},"query-input":{"@type":"PropertyValueSpecification","valueRequired":true,"valueName":"search_term_string"}}],"inLanguage":"pt-BR"},{"@type":"Organization","@id":"https:\/\/agrestefotostudio.com.br\/blog\/#organization","name":"Agreste Foto & Studio","url":"https:\/\/agrestefotostudio.com.br\/blog\/","logo":{"@type":"ImageObject","inLanguage":"pt-BR","@id":"https:\/\/agrestefotostudio.com.br\/blog\/#\/schema\/logo\/image\/","url":"http:\/\/agrestefotostudio.com.br\/blog\/wp-content\/uploads\/2017\/07\/Logo-e1534389219888.png","contentUrl":"http:\/\/agrestefotostudio.com.br\/blog\/wp-content\/uploads\/2017\/07\/Logo-e1534389219888.png","width":450,"height":131,"caption":"Agreste Foto & Studio"},"image":{"@id":"https:\/\/agrestefotostudio.com.br\/blog\/#\/schema\/logo\/image\/"},"sameAs":["https:\/\/www.facebook.com\/agrestefotostudio","https:\/\/x.com\/agreste_studio","https:\/\/www.instagram.com\/agreste_foto_studio\/"]}]}},"_links":{"self":[{"href":"https:\/\/agrestefotostudio.com.br\/blog\/wp-json\/wp\/v2\/pages\/911","targetHints":{"allow":["GET"]}}],"collection":[{"href":"https:\/\/agrestefotostudio.com.br\/blog\/wp-json\/wp\/v2\/pages"}],"about":[{"href":"https:\/\/agrestefotostudio.com.br\/blog\/wp-json\/wp\/v2\/types\/page"}],"author":[{"embeddable":true,"href":"https:\/\/agrestefotostudio.com.br\/blog\/wp-json\/wp\/v2\/users\/1"}],"replies":[{"embeddable":true,"href":"https:\/\/agrestefotostudio.com.br\/blog\/wp-json\/wp\/v2\/comments?post=911"}],"version-history":[{"count":16,"href":"https:\/\/agrestefotostudio.com.br\/blog\/wp-json\/wp\/v2\/pages\/911\/revisions"}],"predecessor-version":[{"id":934,"href":"https:\/\/agrestefotostudio.com.br\/blog\/wp-json\/wp\/v2\/pages\/911\/revisions\/934"}],"wp:attachment":[{"href":"https:\/\/agrestefotostudio.com.br\/blog\/wp-json\/wp\/v2\/media?parent=911"}],"curies":[{"name":"wp","href":"https:\/\/api.w.org\/{rel}","templated":true}]}}